{"id":4636,"date":"2015-09-09T11:12:49","date_gmt":"2015-09-09T10:12:49","guid":{"rendered":"http:\/\/dev.oxygen-coaching.fr\/contactenos\/"},"modified":"2025-05-08T21:48:34","modified_gmt":"2025-05-08T19:48:34","slug":"contactenos","status":"publish","type":"page","link":"https:\/\/dev.oxygen-coaching.fr\/es\/contactenos\/","title":{"rendered":"\u00a1Cont\u00e1ctenos!"},"content":{"rendered":"<section class=\"l-section wpb_row us_custom_6217dcc9 height_auto\"><div class=\"l-section-h i-cf\"><div class=\"g-cols vc_row via_flex valign_top type_default reversed stacking_default\"><div class=\"vc_col-sm-8 wpb_column vc_column_container\"><div class=\"vc_column-inner\"><div class=\"wpb_wrapper\"><div class=\"wpb_text_column\"><div class=\"wpb_wrapper\"><div class='fluentform ff-default fluentform_wrapper_4 ffs_default_wrap'><form data-form_id=\"4\" id=\"fluentform_4\" class=\"frm-fluent-form fluent_form_4 ff-el-form-top ff_form_instance_4_1 ff-form-loading ff_has_v3_recptcha ffs_default\" data-form_instance=\"ff_form_instance_4_1\" method=\"POST\" data-recptcha_key=\"6LeWwTIrAAAAAHc43x3YG8AjCzZUtsnVOhpT6svk\" ><fieldset  style=\"border: none!important;margin: 0!important;padding: 0!important;background-color: transparent!important;box-shadow: none!important;outline: none!important; min-inline-size: 100%;\">\n                    <legend class=\"ff_screen_reader_title\" style=\"display: block; margin: 0!important;padding: 0!important;height: 0!important;text-indent: -999999px;width: 0!important;overflow:hidden;\">Formulaire de contact (ES)<\/legend><input type='hidden' name='__fluent_form_embded_post_id' value='4636' \/><input type=\"hidden\" id=\"_fluentform_4_fluentformnonce\" name=\"_fluentform_4_fluentformnonce\" value=\"2c8c229676\" \/><input type=\"hidden\" name=\"_wp_http_referer\" value=\"\/es\/wp-json\/wp\/v2\/pages\/4636\" \/><div data-type=\"name-element\" data-name=\"names\" class=\" ff-field_container ff-name-field-wrapper\" ><div class='ff-t-container'><div class='ff-t-cell '><div class='ff-el-group'><div class=\"ff-el-input--label asterisk-right\"><label for='ff_4_names_first_name_' >Nombre<\/label><\/div><div class='ff-el-input--content'><input type=\"text\" name=\"names[first_name]\" id=\"ff_4_names_first_name_\" class=\"ff-el-form-control\" aria-invalid=\"false\" aria-required=false><\/div><\/div><\/div><div class='ff-t-cell '><div class='ff-el-group'><div class=\"ff-el-input--label asterisk-right\"><label for='ff_4_names_last_name_' >Apellidos<\/label><\/div><div class='ff-el-input--content'><input type=\"text\" name=\"names[last_name]\" id=\"ff_4_names_last_name_\" class=\"ff-el-form-control\" aria-invalid=\"false\" aria-required=false><\/div><\/div><\/div><\/div><\/div><div class='ff-el-group'><div class=\"ff-el-input--label ff-el-is-required asterisk-right\"><label for='ff_4_email' aria-label=\"Correo electr\u00f3nico\">Correo electr\u00f3nico<\/label><\/div><div class='ff-el-input--content'><input type=\"email\" name=\"email\" id=\"ff_4_email\" class=\"ff-el-form-control\" data-name=\"email\"  aria-invalid=\"false\" aria-required=true><\/div><\/div><div class='ff-el-group'><div class=\"ff-el-input--label asterisk-right\"><label for='ff_4_input_text' aria-label=\"Tel\u00e9fono\">Tel\u00e9fono<\/label><\/div><div class='ff-el-input--content'><input type=\"text\" name=\"input_text\" class=\"ff-el-form-control\" data-name=\"input_text\" id=\"ff_4_input_text\"  aria-invalid=\"false\" aria-required=false><\/div><\/div><div class='ff-el-group'><div class=\"ff-el-input--label asterisk-right\"><label for='ff_4_subject' aria-label=\"Asunto\">Asunto<\/label><\/div><div class='ff-el-input--content'><input type=\"text\" name=\"subject\" class=\"ff-el-form-control\" data-name=\"subject\" id=\"ff_4_subject\"  aria-invalid=\"false\" aria-required=false><\/div><\/div><div class='ff-el-group'><div class=\"ff-el-input--label ff-el-is-required asterisk-right\"><label for='ff_4_message' aria-label=\"Mensaje\">Mensaje<\/label><\/div><div class='ff-el-input--content'><textarea aria-invalid=\"false\" aria-required=true name=\"message\" id=\"ff_4_message\" class=\"ff-el-form-control\" rows=\"4\" cols=\"2\" data-name=\"message\" ><\/textarea><\/div><\/div><div class='ff-el-group    ff-el-input--content'><div class='ff-el-form-check ff-el-tc'><label aria-label='T\u00e9rminos y condiciones: Acepto la pol\u00edtica de confidencialidad Contiene 1 enlace. Usa la navegaci\u00f3n por pesta\u00f1as para rese\u00f1ar.' class='ff-el-form-check-label ff_tc_label' for=gdpr-agreement_5b93ab51bf766439272590a5235f460a><span class='ff_tc_checkbox'><input type=\"checkbox\" name=\"gdpr-agreement\" class=\"ff-el-form-check-input ff_gdpr_field\" data-name=\"gdpr-agreement\" id=\"gdpr-agreement_5b93ab51bf766439272590a5235f460a\"  value='on' aria-invalid='false' aria-required=true><\/span> <div class='ff_t_c'>Acepto la <a href=\"https:\/\/oxygen-supervision.fr\/charte-de-confidentialite\/\">pol\u00edtica de confidencialidad<\/a><\/div><\/label><\/div><\/div><div class='ff-el-group ff-text-center ff_submit_btn_wrapper'><button type=\"submit\" class=\"ff-btn ff-btn-submit ff-btn-md ff_btn_style\" >Enviar<\/button><\/div><\/fieldset><\/form><div id='fluentform_4_errors' class='ff-errors-in-stack ff_form_instance_4_1 ff-form-loading_errors ff_form_instance_4_1_errors'><\/div><\/div>        <script type=\"text\/javascript\">\n            window.fluent_form_ff_form_instance_4_1 = {\"id\":\"4\",\"settings\":{\"layout\":{\"labelPlacement\":\"top\",\"asteriskPlacement\":\"asterisk-right\",\"helpMessagePlacement\":\"with_label\",\"errorMessagePlacement\":\"inline\",\"cssClassName\":\"\"},\"restrictions\":{\"denyEmptySubmission\":{\"enabled\":false}}},\"form_instance\":\"ff_form_instance_4_1\",\"form_id_selector\":\"fluentform_4\",\"rules\":{\"names[first_name]\":{\"required\":{\"value\":false,\"message\":\"Este campo es obligatorio\",\"global\":true,\"global_message\":\"Ce champ est obligatoire\"}},\"names[middle_name]\":{\"required\":{\"value\":false,\"message\":\"Este campo es obligatorio\",\"global\":true,\"global_message\":\"Ce champ est obligatoire\"}},\"names[last_name]\":{\"required\":{\"value\":false,\"message\":\"Este campo es obligatorio\",\"global\":true,\"global_message\":\"Ce champ est obligatoire\"}},\"email\":{\"required\":{\"value\":true,\"message\":\"Este campo es obligatorio\",\"global\":true,\"global_message\":\"Ce champ est obligatoire\"},\"email\":{\"value\":true,\"message\":\"Este campo debe contener un correo electr\\u00f3nico v\\u00e1lido\",\"global\":true,\"global_message\":\"Ce champ doit contenir un e-mail valide\"}},\"input_text\":{\"required\":{\"value\":false,\"message\":\"Este campo es obligatorio\",\"global_message\":\"Ce champ est obligatoire\",\"global\":true}},\"subject\":{\"required\":{\"value\":false,\"message\":\"Este campo es obligatorio\",\"global\":true,\"global_message\":\"Ce champ est obligatoire\"}},\"message\":{\"required\":{\"value\":true,\"message\":\"Este campo es obligatorio\",\"global\":true,\"global_message\":\"Ce champ est obligatoire\"}},\"gdpr-agreement\":{\"required\":{\"value\":true,\"message\":\"Este campo es obligatorio\",\"global_message\":\"Ce champ est obligatoire\",\"global\":true}},\"g-recaptcha-response\":[]},\"debounce_time\":300};\n                    <\/script>\n        \n<\/div><\/div><\/div><\/div><\/div><div class=\"vc_col-sm-4 wpb_column vc_column_container\"><div class=\"vc_column-inner us_custom_0afca5eb\"><div class=\"wpb_wrapper\"><div class=\"w-person us_custom_d574ad7e person-large layout_cards with_socials\" itemscope itemtype=\"https:\/\/schema.org\/Person\"><div class=\"w-person-image\"><img loading=\"lazy\" decoding=\"async\" width=\"500\" height=\"500\" src=\"https:\/\/dev.oxygen-coaching.fr\/wp-content\/uploads\/C\u00e9line-carr\u00e9-500x500.jpg\" class=\"attachment-large size-large\" alt=\"\" itemprop=\"image\" srcset=\"https:\/\/dev.oxygen-coaching.fr\/wp-content\/uploads\/C\u00e9line-carr\u00e9-500x500.jpg 500w, https:\/\/dev.oxygen-coaching.fr\/wp-content\/uploads\/C\u00e9line-carr\u00e9-500x500-150x150.jpg 150w, https:\/\/dev.oxygen-coaching.fr\/wp-content\/uploads\/C\u00e9line-carr\u00e9-500x500-300x300.jpg 300w, https:\/\/dev.oxygen-coaching.fr\/wp-content\/uploads\/C\u00e9line-carr\u00e9-500x500-350x350.jpg 350w, https:\/\/dev.oxygen-coaching.fr\/wp-content\/uploads\/C\u00e9line-carr\u00e9-500x500-400x400.jpg 400w\" sizes=\"auto, (max-width: 500px) 100vw, 500px\" \/><\/div><div class=\"w-person-content\"><h3 itemprop=\"name\" class=\"w-person-name\" style=\"font-size:18px\"><span>C\u00e9line Thomas<\/span><\/h3><div class=\"w-person-role\" itemprop=\"jobTitle\">Fundador<br \/>\nCoach Ejecutivo<\/div><div class=\"w-person-links\"><div class=\"w-person-links-list\"><a href=\"mailto:celine.thomas@oxygen-coaching.com\" class=\"w-person-links-item type_email\" title=\"Correo electr\u00f3nico\"><i class=\"fas fa-envelope\"><\/i><\/a><a href=\"https:\/\/fr.linkedin.com\/pub\/c\u00e9line-thomas\/0\/2bb\/aa\" class=\"w-person-links-item type_linkedin\" title=\"LinkedIn\" target=\"_blank\" rel=\"nofollow\"><i class=\"fab fa-linkedin\"><\/i><\/a><a href=\"skype:cthoxygen\" class=\"w-person-links-item type_skype\" title=\"Skype\" target=\"_blank\" rel=\"nofollow\"><i class=\"fab fa-skype\"><\/i><\/a><\/div><\/div><\/div><\/div><\/div><\/div><\/div><\/div><\/div><\/section>\n","protected":false},"excerpt":{"rendered":"Formulaire de contact (ES)NombreApellidosCorreo electr\u00f3nicoTel\u00e9fonoAsuntoMensaje Acepto la pol\u00edtica de confidencialidadEnviar C\u00e9line ThomasFundador Coach Ejecutivo","protected":false},"author":1,"featured_media":0,"parent":0,"menu_order":0,"comment_status":"closed","ping_status":"open","template":"","meta":{"_monsterinsights_skip_tracking":false,"_monsterinsights_sitenote_active":false,"_monsterinsights_sitenote_note":"","_monsterinsights_sitenote_category":0,"footnotes":""},"class_list":["post-4636","page","type-page","status-publish","hentry"],"yoast_head":"<!-- This site is optimized with the Yoast SEO plugin v25.8 - https:\/\/yoast.com\/wordpress\/plugins\/seo\/ -->\n<title>\u00a1Cont\u00e1ctenos! &#8226; Oxygen Coaching<\/title>\n<meta name=\"robots\" content=\"index, follow, max-snippet:-1, max-image-preview:large, max-video-preview:-1\" \/>\n<link rel=\"canonical\" href=\"https:\/\/dev.oxygen-coaching.fr\/es\/contactenos\/\" \/>\n<meta property=\"og:locale\" content=\"es_ES\" \/>\n<meta property=\"og:type\" content=\"article\" \/>\n<meta property=\"og:title\" content=\"\u00a1Cont\u00e1ctenos! &#8226; Oxygen Coaching\" \/>\n<meta property=\"og:url\" content=\"https:\/\/dev.oxygen-coaching.fr\/es\/contactenos\/\" \/>\n<meta property=\"og:site_name\" content=\"Oxygen Coaching\" \/>\n<meta property=\"article:publisher\" content=\"https:\/\/fr-fr.facebook.com\/oxygencoachingfrance\/\" \/>\n<meta property=\"article:modified_time\" content=\"2025-05-08T19:48:34+00:00\" \/>\n<meta name=\"twitter:card\" content=\"summary_large_image\" \/>\n<meta name=\"twitter:label1\" content=\"Tiempo de lectura\" \/>\n\t<meta name=\"twitter:data1\" content=\"1 minuto\" \/>\n<script type=\"application\/ld+json\" class=\"yoast-schema-graph\">{\"@context\":\"https:\/\/schema.org\",\"@graph\":[{\"@type\":\"WebPage\",\"@id\":\"https:\/\/dev.oxygen-coaching.fr\/es\/contactenos\/\",\"url\":\"https:\/\/dev.oxygen-coaching.fr\/es\/contactenos\/\",\"name\":\"\u00a1Cont\u00e1ctenos! &#8226; Oxygen Coaching\",\"isPartOf\":{\"@id\":\"https:\/\/dev.oxygen-coaching.fr\/#website\"},\"datePublished\":\"2015-09-09T10:12:49+00:00\",\"dateModified\":\"2025-05-08T19:48:34+00:00\",\"breadcrumb\":{\"@id\":\"https:\/\/dev.oxygen-coaching.fr\/es\/contactenos\/#breadcrumb\"},\"inLanguage\":\"es\",\"potentialAction\":[{\"@type\":\"ReadAction\",\"target\":[\"https:\/\/dev.oxygen-coaching.fr\/es\/contactenos\/\"]}]},{\"@type\":\"BreadcrumbList\",\"@id\":\"https:\/\/dev.oxygen-coaching.fr\/es\/contactenos\/#breadcrumb\",\"itemListElement\":[{\"@type\":\"ListItem\",\"position\":1,\"name\":\"Accueil\",\"item\":\"https:\/\/dev.oxygen-coaching.fr\/es\/\"},{\"@type\":\"ListItem\",\"position\":2,\"name\":\"\u00a1Cont\u00e1ctenos!\"}]},{\"@type\":\"WebSite\",\"@id\":\"https:\/\/dev.oxygen-coaching.fr\/#website\",\"url\":\"https:\/\/dev.oxygen-coaching.fr\/\",\"name\":\"Oxygen Coaching\",\"description\":\"Catalyseur de r\u00e9ussite\",\"publisher\":{\"@id\":\"https:\/\/dev.oxygen-coaching.fr\/#organization\"},\"potentialAction\":[{\"@type\":\"SearchAction\",\"target\":{\"@type\":\"EntryPoint\",\"urlTemplate\":\"https:\/\/dev.oxygen-coaching.fr\/?s={search_term_string}\"},\"query-input\":{\"@type\":\"PropertyValueSpecification\",\"valueRequired\":true,\"valueName\":\"search_term_string\"}}],\"inLanguage\":\"es\"},{\"@type\":\"Organization\",\"@id\":\"https:\/\/dev.oxygen-coaching.fr\/#organization\",\"name\":\"Oxygen Coaching\",\"url\":\"https:\/\/dev.oxygen-coaching.fr\/\",\"logo\":{\"@type\":\"ImageObject\",\"inLanguage\":\"es\",\"@id\":\"https:\/\/dev.oxygen-coaching.fr\/#\/schema\/logo\/image\/\",\"url\":\"https:\/\/dev.oxygen-coaching.fr\/wp-content\/uploads\/logoRVBbassedf_logoseul1-1-1-e1603375273590-1.png\",\"contentUrl\":\"https:\/\/dev.oxygen-coaching.fr\/wp-content\/uploads\/logoRVBbassedf_logoseul1-1-1-e1603375273590-1.png\",\"width\":322,\"height\":192,\"caption\":\"Oxygen Coaching\"},\"image\":{\"@id\":\"https:\/\/dev.oxygen-coaching.fr\/#\/schema\/logo\/image\/\"},\"sameAs\":[\"https:\/\/fr-fr.facebook.com\/oxygencoachingfrance\/\",\"https:\/\/fr.linkedin.com\/in\/c\u00e9line-g\u00e9ara-thomas-0aa2bb\"]}]}<\/script>\n<!-- \/ Yoast SEO plugin. -->","yoast_head_json":{"title":"\u00a1Cont\u00e1ctenos! &#8226; Oxygen Coaching","robots":{"index":"index","follow":"follow","max-snippet":"max-snippet:-1","max-image-preview":"max-image-preview:large","max-video-preview":"max-video-preview:-1"},"canonical":"https:\/\/dev.oxygen-coaching.fr\/es\/contactenos\/","og_locale":"es_ES","og_type":"article","og_title":"\u00a1Cont\u00e1ctenos! &#8226; Oxygen Coaching","og_url":"https:\/\/dev.oxygen-coaching.fr\/es\/contactenos\/","og_site_name":"Oxygen Coaching","article_publisher":"https:\/\/fr-fr.facebook.com\/oxygencoachingfrance\/","article_modified_time":"2025-05-08T19:48:34+00:00","twitter_card":"summary_large_image","twitter_misc":{"Tiempo de lectura":"1 minuto"},"schema":{"@context":"https:\/\/schema.org","@graph":[{"@type":"WebPage","@id":"https:\/\/dev.oxygen-coaching.fr\/es\/contactenos\/","url":"https:\/\/dev.oxygen-coaching.fr\/es\/contactenos\/","name":"\u00a1Cont\u00e1ctenos! &#8226; Oxygen Coaching","isPartOf":{"@id":"https:\/\/dev.oxygen-coaching.fr\/#website"},"datePublished":"2015-09-09T10:12:49+00:00","dateModified":"2025-05-08T19:48:34+00:00","breadcrumb":{"@id":"https:\/\/dev.oxygen-coaching.fr\/es\/contactenos\/#breadcrumb"},"inLanguage":"es","potentialAction":[{"@type":"ReadAction","target":["https:\/\/dev.oxygen-coaching.fr\/es\/contactenos\/"]}]},{"@type":"BreadcrumbList","@id":"https:\/\/dev.oxygen-coaching.fr\/es\/contactenos\/#breadcrumb","itemListElement":[{"@type":"ListItem","position":1,"name":"Accueil","item":"https:\/\/dev.oxygen-coaching.fr\/es\/"},{"@type":"ListItem","position":2,"name":"\u00a1Cont\u00e1ctenos!"}]},{"@type":"WebSite","@id":"https:\/\/dev.oxygen-coaching.fr\/#website","url":"https:\/\/dev.oxygen-coaching.fr\/","name":"Oxygen Coaching","description":"Catalyseur de r\u00e9ussite","publisher":{"@id":"https:\/\/dev.oxygen-coaching.fr\/#organization"},"potentialAction":[{"@type":"SearchAction","target":{"@type":"EntryPoint","urlTemplate":"https:\/\/dev.oxygen-coaching.fr\/?s={search_term_string}"},"query-input":{"@type":"PropertyValueSpecification","valueRequired":true,"valueName":"search_term_string"}}],"inLanguage":"es"},{"@type":"Organization","@id":"https:\/\/dev.oxygen-coaching.fr\/#organization","name":"Oxygen Coaching","url":"https:\/\/dev.oxygen-coaching.fr\/","logo":{"@type":"ImageObject","inLanguage":"es","@id":"https:\/\/dev.oxygen-coaching.fr\/#\/schema\/logo\/image\/","url":"https:\/\/dev.oxygen-coaching.fr\/wp-content\/uploads\/logoRVBbassedf_logoseul1-1-1-e1603375273590-1.png","contentUrl":"https:\/\/dev.oxygen-coaching.fr\/wp-content\/uploads\/logoRVBbassedf_logoseul1-1-1-e1603375273590-1.png","width":322,"height":192,"caption":"Oxygen Coaching"},"image":{"@id":"https:\/\/dev.oxygen-coaching.fr\/#\/schema\/logo\/image\/"},"sameAs":["https:\/\/fr-fr.facebook.com\/oxygencoachingfrance\/","https:\/\/fr.linkedin.com\/in\/c\u00e9line-g\u00e9ara-thomas-0aa2bb"]}]}},"_links":{"self":[{"href":"https:\/\/dev.oxygen-coaching.fr\/es\/wp-json\/wp\/v2\/pages\/4636","targetHints":{"allow":["GET"]}}],"collection":[{"href":"https:\/\/dev.oxygen-coaching.fr\/es\/wp-json\/wp\/v2\/pages"}],"about":[{"href":"https:\/\/dev.oxygen-coaching.fr\/es\/wp-json\/wp\/v2\/types\/page"}],"author":[{"embeddable":true,"href":"https:\/\/dev.oxygen-coaching.fr\/es\/wp-json\/wp\/v2\/users\/1"}],"replies":[{"embeddable":true,"href":"https:\/\/dev.oxygen-coaching.fr\/es\/wp-json\/wp\/v2\/comments?post=4636"}],"version-history":[{"count":9,"href":"https:\/\/dev.oxygen-coaching.fr\/es\/wp-json\/wp\/v2\/pages\/4636\/revisions"}],"predecessor-version":[{"id":19949,"href":"https:\/\/dev.oxygen-coaching.fr\/es\/wp-json\/wp\/v2\/pages\/4636\/revisions\/19949"}],"wp:attachment":[{"href":"https:\/\/dev.oxygen-coaching.fr\/es\/wp-json\/wp\/v2\/media?parent=4636"}],"curies":[{"name":"wp","href":"https:\/\/api.w.org\/{rel}","templated":true}]}}