{"id":4627,"date":"2015-09-09T11:03:21","date_gmt":"2015-09-09T10:03:21","guid":{"rendered":"http:\/\/dev.oxygen-coaching.fr\/coaching-ejecutivos\/"},"modified":"2023-03-03T15:07:42","modified_gmt":"2023-03-03T14:07:42","slug":"coaching-ejecutivos","status":"publish","type":"page","link":"https:\/\/dev.oxygen-coaching.fr\/es\/coaching-ejecutivos\/","title":{"rendered":"Coaching ejecutivos"},"content":{"rendered":"<section class=\"l-section wpb_row height_auto\"><div class=\"l-section-h i-cf\"><div class=\"g-cols vc_row via_flex valign_top type_default reversed stacking_default\"><div class=\"vc_col-sm-6 wpb_column vc_column_container\"><div class=\"vc_column-inner\"><div class=\"wpb_wrapper\"><div class=\"w-image align_none\"><div class=\"w-image-h\"><img decoding=\"async\" width=\"1024\" height=\"790\" src=\"https:\/\/dev.oxygen-coaching.fr\/wp-content\/uploads\/Oxygen-AV-40-centr\u00e9e-1024x790.jpg\" class=\"attachment-large size-large\" alt=\"Supervision de coach\" loading=\"lazy\" srcset=\"https:\/\/dev.oxygen-coaching.fr\/wp-content\/uploads\/Oxygen-AV-40-centr\u00e9e-1024x790.jpg 1024w, https:\/\/dev.oxygen-coaching.fr\/wp-content\/uploads\/Oxygen-AV-40-centr\u00e9e-300x232.jpg 300w, https:\/\/dev.oxygen-coaching.fr\/wp-content\/uploads\/Oxygen-AV-40-centr\u00e9e-600x463.jpg 600w, https:\/\/dev.oxygen-coaching.fr\/wp-content\/uploads\/Oxygen-AV-40-centr\u00e9e.jpg 1073w\" sizes=\"auto, (max-width: 1024px) 100vw, 1024px\" \/><\/div><\/div><\/div><\/div><\/div><div class=\"vc_col-sm-6 wpb_column vc_column_container\"><div class=\"vc_column-inner\"><div class=\"wpb_wrapper\"><div class=\"wpb_text_column\"><div class=\"wpb_wrapper\"><h2 class=\"p1\"><span class=\"s1\">\u00bf<\/span><span class=\"s1\">Qu\u00e9 es el <strong>coaching<\/strong>\u00a0?<\/span><\/h2>\n<h3 class=\"p1\" style=\"text-align: justify;\"><span class=\"s1\" style=\"font-size: 12pt; color: #333333;\">Realizar sesiones de coaching con una persona, un equipo o una organizaci\u00f3n implica acompa\u00f1arlos para que encuentren las respuestas a las preguntas que se plantean o los problemas a los que se enfrentan. <\/span><\/h3>\n<p class=\"p1\" style=\"text-align: justify;\"><span class=\"s1\">El coaching permite la <strong>mejora de la eficacia profesional<\/strong> y el <strong>acompa\u00f1amiento durante periodos profesionales complejos<\/strong> tales como proyectos de gran complejidad, periodos de crisis, fusiones, adquisiciones, transiciones, mutaciones, promociones, conflictos, expatriaciones, repatriaciones, reconversiones y reintegros tras una ausencia por maternidad o paternidad.<\/span><\/p>\n<p class=\"p1\" style=\"text-align: justify;\"><span class=\"s1\">El coach act\u00faa como un catalizador y acompa\u00f1a al participante sin por eso adoptar una actitud intervencionista. Se distingue del terapeuta, que se focaliza sobre todo en la b\u00fasqueda de las causas.<\/span><\/p>\n<p class=\"p1\" style=\"text-align: justify;\"><span class=\"s1\">Todas las intervenciones son diferentes y el modo operatorio se define en la primera sesi\u00f3n.<\/span><\/p>\n<\/div><\/div><div class=\"wpb_text_column us_custom_28b9b68f\"><div class=\"wpb_wrapper\"><p style=\"text-align: center;\"><a href=\"https:\/\/dev.oxygen-coaching.fr\/wp-content\/uploads\/fiches-EN-BD-1-executive.pdf\" target=\"_blank\" rel=\"noopener\">Descargar la ficha t\u00e9cnica<\/a><\/p>\n<\/div><\/div><\/div><\/div><\/div><\/div><\/div><\/section><section class=\"l-section wpb_row us_custom_1f64da91 height_auto\"><div class=\"l-section-h i-cf\"><div class=\"g-cols vc_row via_flex valign_top type_default stacking_default\"><div class=\"vc_col-sm-6 wpb_column vc_column_container\"><div class=\"vc_column-inner\"><div class=\"wpb_wrapper\"><div class=\"wpb_text_column\"><div class=\"wpb_wrapper\"><p class=\"p1\" style=\"text-align: justify;\"><span class=\"s1\" style=\"font-size: 12pt; color: #006481;\">Ejemplos de problem\u00e1ticas encontradas en las intervenciones:<\/span><\/p>\n<ul class=\"ul1\">\n<li class=\"li3\" style=\"text-align: justify;\"><span class=\"s1\">Adaptaci\u00f3n a situaciones complejas<\/span><\/li>\n<li class=\"li3\" style=\"text-align: justify;\"><span class=\"s1\">Periodo de transici\u00f3n profesional: toma de un puesto, mutaci\u00f3n, elecci\u00f3n de una carrera, expatriaci\u00f3n, repatriaci\u00f3n, reorganizaci\u00f3n, fusi\u00f3n, adquisici\u00f3n<\/span><\/li>\n<li class=\"li3\" style=\"text-align: justify;\"><span class=\"s1\">Desarrollo de la autonom\u00eda<\/span><\/li>\n<li class=\"li3\" style=\"text-align: justify;\"><span class=\"s1\">Mejoramiento del desempe\u00f1o <\/span><\/li>\n<li class=\"li3\" style=\"text-align: justify;\"><span class=\"s1\">Gesti\u00f3n del tiempo: equilibrio profesional\/personal<\/span><\/li>\n<li class=\"li3\" style=\"text-align: justify;\"><span class=\"s1\">Mejoramiento de la autoestima<\/span><\/li>\n<li class=\"li3\" style=\"text-align: justify;\"><span class=\"s1\">Desarrollo del liderazgo<\/span><\/li>\n<li class=\"li3\" style=\"text-align: justify;\"><span class=\"s1\">Recurso a la intuici\u00f3n<\/span><\/li>\n<li class=\"li3\" style=\"text-align: justify;\"><span class=\"s1\">Gerenciar con emociones<\/span><\/li>\n<li class=\"li3\" style=\"text-align: justify;\"><span class=\"s1\">Sufrimiento en el trabajo<\/span><\/li>\n<li class=\"li3\" style=\"text-align: justify;\"><span class=\"s1\"><i>Burn-out<\/i><\/span><\/li>\n<li class=\"li3\" style=\"text-align: justify;\"><span class=\"s1\">Conflicto profesional<\/span><\/li>\n<li class=\"li3\" style=\"text-align: justify;\"><span class=\"s1\">Carrera laboral en femenino<\/span><\/li>\n<li class=\"li3\" style=\"text-align: justify;\"><span class=\"s1\">Gesti\u00f3n de la interculturalidad<\/span><\/li>\n<\/ul>\n<\/div><\/div><div class=\"w-separator size_small with_line width_default thick_1 style_solid color_border align_center\"><div class=\"w-separator-h\"><\/div><\/div><\/div><\/div><\/div><div class=\"vc_col-sm-6 wpb_column vc_column_container\"><div class=\"vc_column-inner\"><div class=\"wpb_wrapper\"><div class=\"wpb_text_column livre-extrait-citation\"><div class=\"wpb_wrapper\"><h3 class=\"p1\" style=\"text-align: center;\"><span class=\"s1\">Etapas del <strong>coaching<\/strong><\/span><\/h3>\n<p class=\"p1\" style=\"text-align: justify;\"><span class=\"s1\" style=\"color: #006481;\">1. Eligir un coach<\/span><\/p>\n<p class=\"p1\" style=\"text-align: justify;\"><span class=\"s1\">Seleccionar al coach a partir de los propuestos durante una primera sesi\u00f3n.<\/span><\/p>\n<p class=\"p1\" style=\"text-align: justify;\"><span class=\"s1\" style=\"color: #006481;\">2. Puesta en marcha de un contrato tripartito<\/span><\/p>\n<p class=\"p1\" style=\"text-align: justify;\"><span class=\"s1\">Se trata de una sesi\u00f3n entre usted, el coach y el superior jer\u00e1rquico. En esta oportunidad, se establecer\u00e1n de forma conjunta: objetivos del coaching e indicadores de medida asociados a los objetivos. Al finalizar la sesi\u00f3n, se redacta un contrato tripartito.<\/span><\/p>\n<p class=\"p1\" style=\"text-align: justify;\"><strong><span class=\"s1\" style=\"color: #006481;\">3. Desarrollo de las sesiones<\/span><\/strong><\/p>\n<p class=\"p1\" style=\"text-align: justify;\"><span class=\"s1\">Las sesiones se efect\u00faan cada quince d\u00edas o cada tres semanas. Se realizan fuera de la empresa, en un espacio definido de forma conjunta con su coach; a distancia o por tel\u00e9fono, si es necesario.<\/span><\/p>\n<p class=\"p1\" style=\"text-align: justify;\"><span class=\"s1\" style=\"color: #006481;\"><strong>4. Reuni\u00f3n tripartita de finalizaci\u00f3n<\/strong> <\/span><\/p>\n<p class=\"p1\" style=\"text-align: justify;\"><span class=\"s1\">Una entrevista dedicada al <i>debriefing<\/i> tiene lugar de manera tripartita al final la intervenci\u00f3n entre usted, el responsable jer\u00e1rquico y su coach.<\/span><\/p>\n<\/div><\/div><\/div><\/div><\/div><\/div><\/div><\/section>\n","protected":false},"excerpt":{"rendered":"\u00bfQu\u00e9 es el coaching\u00a0? Realizar sesiones de coaching con una persona, un equipo o una organizaci\u00f3n implica acompa\u00f1arlos para que encuentren las respuestas a las preguntas que se plantean o los problemas a los que se enfrentan. El coaching permite la mejora de la eficacia profesional y el acompa\u00f1amiento durante periodos profesionales complejos tales como...","protected":false},"author":1,"featured_media":0,"parent":0,"menu_order":0,"comment_status":"closed","ping_status":"closed","template":"","meta":{"_monsterinsights_skip_tracking":false,"_monsterinsights_sitenote_active":false,"_monsterinsights_sitenote_note":"","_monsterinsights_sitenote_category":0,"footnotes":""},"class_list":["post-4627","page","type-page","status-publish","hentry"],"yoast_head":"<!-- This site is optimized with the Yoast SEO plugin v25.8 - https:\/\/yoast.com\/wordpress\/plugins\/seo\/ -->\n<title>Coaching ejecutivos &#8226; Oxygen Coaching<\/title>\n<meta name=\"robots\" content=\"index, follow, max-snippet:-1, max-image-preview:large, max-video-preview:-1\" \/>\n<link rel=\"canonical\" href=\"https:\/\/dev.oxygen-coaching.fr\/es\/coaching\/\" \/>\n<meta property=\"og:locale\" content=\"es_ES\" \/>\n<meta property=\"og:type\" content=\"article\" \/>\n<meta property=\"og:title\" content=\"Coaching ejecutivos &#8226; Oxygen Coaching\" \/>\n<meta property=\"og:url\" content=\"https:\/\/dev.oxygen-coaching.fr\/coaching\/\" \/>\n<meta property=\"og:site_name\" content=\"Oxygen Coaching\" \/>\n<meta property=\"article:publisher\" content=\"https:\/\/fr-fr.facebook.com\/oxygencoachingfrance\/\" \/>\n<meta property=\"article:modified_time\" content=\"2023-03-03T14:07:42+00:00\" \/>\n<meta name=\"twitter:card\" content=\"summary_large_image\" \/>\n<meta name=\"twitter:label1\" content=\"Tiempo de lectura\" \/>\n\t<meta name=\"twitter:data1\" content=\"2 minutos\" \/>\n<script type=\"application\/ld+json\" class=\"yoast-schema-graph\">{\"@context\":\"https:\/\/schema.org\",\"@graph\":[{\"@type\":\"WebPage\",\"@id\":\"https:\/\/dev.oxygen-coaching.fr\/coaching\/\",\"url\":\"https:\/\/dev.oxygen-coaching.fr\/coaching\/\",\"name\":\"Coaching ejecutivos &#8226; Oxygen Coaching\",\"isPartOf\":{\"@id\":\"https:\/\/dev.oxygen-coaching.fr\/#website\"},\"datePublished\":\"2015-09-09T10:03:21+00:00\",\"dateModified\":\"2023-03-03T14:07:42+00:00\",\"breadcrumb\":{\"@id\":\"https:\/\/dev.oxygen-coaching.fr\/coaching\/#breadcrumb\"},\"inLanguage\":\"es\",\"potentialAction\":[{\"@type\":\"ReadAction\",\"target\":[\"https:\/\/dev.oxygen-coaching.fr\/coaching\/\"]}]},{\"@type\":\"BreadcrumbList\",\"@id\":\"https:\/\/dev.oxygen-coaching.fr\/coaching\/#breadcrumb\",\"itemListElement\":[{\"@type\":\"ListItem\",\"position\":1,\"name\":\"Accueil\",\"item\":\"https:\/\/dev.oxygen-coaching.fr\/es\/\"},{\"@type\":\"ListItem\",\"position\":2,\"name\":\"Coaching ejecutivos\"}]},{\"@type\":\"WebSite\",\"@id\":\"https:\/\/dev.oxygen-coaching.fr\/#website\",\"url\":\"https:\/\/dev.oxygen-coaching.fr\/\",\"name\":\"Oxygen Coaching\",\"description\":\"Catalyseur de r\u00e9ussite\",\"publisher\":{\"@id\":\"https:\/\/dev.oxygen-coaching.fr\/#organization\"},\"potentialAction\":[{\"@type\":\"SearchAction\",\"target\":{\"@type\":\"EntryPoint\",\"urlTemplate\":\"https:\/\/dev.oxygen-coaching.fr\/?s={search_term_string}\"},\"query-input\":{\"@type\":\"PropertyValueSpecification\",\"valueRequired\":true,\"valueName\":\"search_term_string\"}}],\"inLanguage\":\"es\"},{\"@type\":\"Organization\",\"@id\":\"https:\/\/dev.oxygen-coaching.fr\/#organization\",\"name\":\"Oxygen Coaching\",\"url\":\"https:\/\/dev.oxygen-coaching.fr\/\",\"logo\":{\"@type\":\"ImageObject\",\"inLanguage\":\"es\",\"@id\":\"https:\/\/dev.oxygen-coaching.fr\/#\/schema\/logo\/image\/\",\"url\":\"https:\/\/dev.oxygen-coaching.fr\/wp-content\/uploads\/logoRVBbassedf_logoseul1-1-1-e1603375273590-1.png\",\"contentUrl\":\"https:\/\/dev.oxygen-coaching.fr\/wp-content\/uploads\/logoRVBbassedf_logoseul1-1-1-e1603375273590-1.png\",\"width\":322,\"height\":192,\"caption\":\"Oxygen Coaching\"},\"image\":{\"@id\":\"https:\/\/dev.oxygen-coaching.fr\/#\/schema\/logo\/image\/\"},\"sameAs\":[\"https:\/\/fr-fr.facebook.com\/oxygencoachingfrance\/\",\"https:\/\/fr.linkedin.com\/in\/c\u00e9line-g\u00e9ara-thomas-0aa2bb\"]}]}<\/script>\n<!-- \/ Yoast SEO plugin. -->","yoast_head_json":{"title":"Coaching ejecutivos &#8226; Oxygen Coaching","robots":{"index":"index","follow":"follow","max-snippet":"max-snippet:-1","max-image-preview":"max-image-preview:large","max-video-preview":"max-video-preview:-1"},"canonical":"https:\/\/dev.oxygen-coaching.fr\/es\/coaching\/","og_locale":"es_ES","og_type":"article","og_title":"Coaching ejecutivos &#8226; Oxygen Coaching","og_url":"https:\/\/dev.oxygen-coaching.fr\/coaching\/","og_site_name":"Oxygen Coaching","article_publisher":"https:\/\/fr-fr.facebook.com\/oxygencoachingfrance\/","article_modified_time":"2023-03-03T14:07:42+00:00","twitter_card":"summary_large_image","twitter_misc":{"Tiempo de lectura":"2 minutos"},"schema":{"@context":"https:\/\/schema.org","@graph":[{"@type":"WebPage","@id":"https:\/\/dev.oxygen-coaching.fr\/coaching\/","url":"https:\/\/dev.oxygen-coaching.fr\/coaching\/","name":"Coaching ejecutivos &#8226; Oxygen Coaching","isPartOf":{"@id":"https:\/\/dev.oxygen-coaching.fr\/#website"},"datePublished":"2015-09-09T10:03:21+00:00","dateModified":"2023-03-03T14:07:42+00:00","breadcrumb":{"@id":"https:\/\/dev.oxygen-coaching.fr\/coaching\/#breadcrumb"},"inLanguage":"es","potentialAction":[{"@type":"ReadAction","target":["https:\/\/dev.oxygen-coaching.fr\/coaching\/"]}]},{"@type":"BreadcrumbList","@id":"https:\/\/dev.oxygen-coaching.fr\/coaching\/#breadcrumb","itemListElement":[{"@type":"ListItem","position":1,"name":"Accueil","item":"https:\/\/dev.oxygen-coaching.fr\/es\/"},{"@type":"ListItem","position":2,"name":"Coaching ejecutivos"}]},{"@type":"WebSite","@id":"https:\/\/dev.oxygen-coaching.fr\/#website","url":"https:\/\/dev.oxygen-coaching.fr\/","name":"Oxygen Coaching","description":"Catalyseur de r\u00e9ussite","publisher":{"@id":"https:\/\/dev.oxygen-coaching.fr\/#organization"},"potentialAction":[{"@type":"SearchAction","target":{"@type":"EntryPoint","urlTemplate":"https:\/\/dev.oxygen-coaching.fr\/?s={search_term_string}"},"query-input":{"@type":"PropertyValueSpecification","valueRequired":true,"valueName":"search_term_string"}}],"inLanguage":"es"},{"@type":"Organization","@id":"https:\/\/dev.oxygen-coaching.fr\/#organization","name":"Oxygen Coaching","url":"https:\/\/dev.oxygen-coaching.fr\/","logo":{"@type":"ImageObject","inLanguage":"es","@id":"https:\/\/dev.oxygen-coaching.fr\/#\/schema\/logo\/image\/","url":"https:\/\/dev.oxygen-coaching.fr\/wp-content\/uploads\/logoRVBbassedf_logoseul1-1-1-e1603375273590-1.png","contentUrl":"https:\/\/dev.oxygen-coaching.fr\/wp-content\/uploads\/logoRVBbassedf_logoseul1-1-1-e1603375273590-1.png","width":322,"height":192,"caption":"Oxygen Coaching"},"image":{"@id":"https:\/\/dev.oxygen-coaching.fr\/#\/schema\/logo\/image\/"},"sameAs":["https:\/\/fr-fr.facebook.com\/oxygencoachingfrance\/","https:\/\/fr.linkedin.com\/in\/c\u00e9line-g\u00e9ara-thomas-0aa2bb"]}]}},"_links":{"self":[{"href":"https:\/\/dev.oxygen-coaching.fr\/es\/wp-json\/wp\/v2\/pages\/4627","targetHints":{"allow":["GET"]}}],"collection":[{"href":"https:\/\/dev.oxygen-coaching.fr\/es\/wp-json\/wp\/v2\/pages"}],"about":[{"href":"https:\/\/dev.oxygen-coaching.fr\/es\/wp-json\/wp\/v2\/types\/page"}],"author":[{"embeddable":true,"href":"https:\/\/dev.oxygen-coaching.fr\/es\/wp-json\/wp\/v2\/users\/1"}],"replies":[{"embeddable":true,"href":"https:\/\/dev.oxygen-coaching.fr\/es\/wp-json\/wp\/v2\/comments?post=4627"}],"version-history":[{"count":35,"href":"https:\/\/dev.oxygen-coaching.fr\/es\/wp-json\/wp\/v2\/pages\/4627\/revisions"}],"predecessor-version":[{"id":11991,"href":"https:\/\/dev.oxygen-coaching.fr\/es\/wp-json\/wp\/v2\/pages\/4627\/revisions\/11991"}],"wp:attachment":[{"href":"https:\/\/dev.oxygen-coaching.fr\/es\/wp-json\/wp\/v2\/media?parent=4627"}],"curies":[{"name":"wp","href":"https:\/\/api.w.org\/{rel}","templated":true}]}}