{"id":4618,"date":"2015-08-26T17:35:37","date_gmt":"2015-08-26T16:35:37","guid":{"rendered":"http:\/\/dev.oxygen-coaching.fr\/coaching-para-lideres\/"},"modified":"2023-03-03T15:07:40","modified_gmt":"2023-03-03T14:07:40","slug":"coaching-para-lideres","status":"publish","type":"page","link":"https:\/\/dev.oxygen-coaching.fr\/es\/coaching-para-lideres\/","title":{"rendered":"Coaching para l\u00edderes"},"content":{"rendered":"<section class=\"l-section wpb_row height_auto\"><div class=\"l-section-h i-cf\"><div class=\"g-cols vc_row via_flex valign_top type_default reversed stacking_default\"><div class=\"vc_col-sm-6 wpb_column vc_column_container\"><div class=\"vc_column-inner\"><div class=\"wpb_wrapper\"><div class=\"w-image us_custom_3352664f myparalax align_none\"><div class=\"w-image-h\"><img decoding=\"async\" width=\"1024\" height=\"790\" src=\"https:\/\/dev.oxygen-coaching.fr\/wp-content\/uploads\/Oxygen-AV-40-centr\u00e9e-1024x790.jpg\" class=\"attachment-large size-large\" alt=\"Supervision de coach\" loading=\"lazy\" srcset=\"https:\/\/dev.oxygen-coaching.fr\/wp-content\/uploads\/Oxygen-AV-40-centr\u00e9e-1024x790.jpg 1024w, https:\/\/dev.oxygen-coaching.fr\/wp-content\/uploads\/Oxygen-AV-40-centr\u00e9e-300x232.jpg 300w, https:\/\/dev.oxygen-coaching.fr\/wp-content\/uploads\/Oxygen-AV-40-centr\u00e9e-600x463.jpg 600w, https:\/\/dev.oxygen-coaching.fr\/wp-content\/uploads\/Oxygen-AV-40-centr\u00e9e.jpg 1073w\" sizes=\"auto, (max-width: 1024px) 100vw, 1024px\" \/><\/div><\/div><\/div><\/div><\/div><div class=\"vc_col-sm-6 wpb_column vc_column_container\"><div class=\"vc_column-inner\"><div class=\"wpb_wrapper\"><div class=\"wpb_text_column us_custom_30e015e7\"><div class=\"wpb_wrapper\"><p class=\"p1\" style=\"text-align: justify;\"><span class=\"s1\">Estamos convencidos de que el desempe\u00f1o de sus l\u00edderes y equipos es posible si se basa en:<\/span><\/p>\n<ul class=\"ul1\">\n<li class=\"li1\" style=\"text-align: justify;\"><span class=\"s1\">Una organizaci\u00f3n adecuada,<\/span><\/li>\n<li class=\"li1\" style=\"text-align: justify;\"><span class=\"s1\">Una visi\u00f3n y una estrategia s\u00f3lidas,<\/span><\/li>\n<li class=\"li1\" style=\"text-align: justify;\"><span class=\"s1\">Hombres y mujeres competentes, a quienes les interesa su propio desarrollo, su liderazgo, sus propios equipos y las interacciones estructurantes dentro del sistema.<\/span><\/li>\n<\/ul>\n<p class=\"p1\" style=\"text-align: justify;\"><span class=\"s1\">Los l\u00edderes tienen una funci\u00f3n primordial, puesto que de su propio \u00e9xito depende el de su organizaci\u00f3n y el de las personas que la componen. Sus fallas repercuten seriamente en la empresa, en sus colaboradores y en las dem\u00e1s partes involucradas.<\/span><\/p>\n<p class=\"p2\" style=\"text-align: justify;\"><span class=\"s1\" style=\"font-size: 12pt; color: #333333;\">Este coaching permite tomar distancia con respecto a sus problem\u00e1ticas, vinculadas a su rol o a una transici\u00f3n cr\u00edtica, para reforzar su influencia sobre su ecosistema y ampliar el impacto de su transformaci\u00f3n.<\/span><\/p>\n<p class=\"p2\" style=\"text-align: justify;\">Para el cliente, lo esencial es desarrollar todo su potencial y superar los obst\u00e1culos. El cliente ya conoce sus capacidades y su voluntad es ir m\u00e1s lejos. Para ello, le hace falta un coach con una postura espec\u00edfica que no represente un factor limitante.<\/p>\n<\/div><\/div><div class=\"wpb_text_column\"><div class=\"wpb_wrapper\"><p style=\"text-align: center;\"><a href=\"https:\/\/dev.oxygen-coaching.fr\/wp-content\/uploads\/fiches-EN-BD-1-executive.pdf\" target=\"_blank\" rel=\"noopener\">Descargar la ficha t\u00e9cnica<\/a><\/p>\n<\/div><\/div><\/div><\/div><\/div><\/div><\/div><\/section><section class=\"l-section wpb_row us_custom_1f64da91 height_auto\"><div class=\"l-section-h i-cf\"><div class=\"g-cols vc_row via_flex valign_top type_default stacking_default\"><div class=\"vc_col-sm-12 wpb_column vc_column_container has_bg_color\"><div class=\"vc_column-inner us_custom_e24204cd\"><div class=\"wpb_wrapper\"><div class=\"wpb_text_column\"><div class=\"wpb_wrapper\"><p class=\"p2\" style=\"text-align: justify;\"><span class=\"s1\" style=\"color: #006481;\">Ejemplos de problem\u00e1ticas a las que nos enfrentamos durante nuestras intervenciones:<\/span><\/p>\n<ul class=\"ul1\" style=\"text-align: justify;\">\n<li class=\"li2\"><span class=\"s1\">Juegos de poder<\/span><\/li>\n<li class=\"li2\"><span class=\"s1\">Adaptaci\u00f3n a situaciones complejas<\/span><\/li>\n<li class=\"li2\"><span class=\"s1\">Decisiones dif\u00edciles, gesti\u00f3n de tensiones y arbitrajes<\/span><\/li>\n<li class=\"li2\"><span class=\"s1\">Toma de distancia<\/span><\/li>\n<li class=\"li2\"><span class=\"s1\">Mantenimiento del v\u00ednculo con los equipos<\/span><\/li>\n<li class=\"li2\"><span class=\"s1\">Soledad del l\u00edder<\/span><\/li>\n<li class=\"li2\"><span class=\"s1\">Periodo de transici\u00f3n profesional: toma de puesto, mutaci\u00f3n, elecci\u00f3n de carrera, expatriaci\u00f3n, repatriaci\u00f3n, reorganizaci\u00f3n, fusi\u00f3n y adquisici\u00f3n<\/span><\/li>\n<li class=\"li2\"><span class=\"s1\">Utilizaci\u00f3n de la intuici\u00f3n<\/span><\/li>\n<\/ul>\n<p class=\"p2\" style=\"text-align: justify;\"><span class=\"s1\">Las modalidades pr\u00e1cticas del coaching para l\u00edderes son las mismas que las de las intervenciones individuales.\u00a0<\/span><\/p>\n<\/div><\/div><\/div><\/div><\/div><\/div><\/div><\/section>\n","protected":false},"excerpt":{"rendered":"Estamos convencidos de que el desempe\u00f1o de sus l\u00edderes y equipos es posible si se basa en: Una organizaci\u00f3n adecuada, Una visi\u00f3n y una estrategia s\u00f3lidas, Hombres y mujeres competentes, a quienes les interesa su propio desarrollo, su liderazgo, sus propios equipos y las interacciones estructurantes dentro del sistema. Los l\u00edderes tienen una funci\u00f3n primordial,...","protected":false},"author":1,"featured_media":0,"parent":0,"menu_order":0,"comment_status":"closed","ping_status":"closed","template":"","meta":{"_monsterinsights_skip_tracking":false,"_monsterinsights_sitenote_active":false,"_monsterinsights_sitenote_note":"","_monsterinsights_sitenote_category":0,"footnotes":""},"class_list":["post-4618","page","type-page","status-publish","hentry"],"yoast_head":"<!-- This site is optimized with the Yoast SEO plugin v25.8 - https:\/\/yoast.com\/wordpress\/plugins\/seo\/ -->\n<title>Coaching para l\u00edderes &#8226; Oxygen Coaching<\/title>\n<meta name=\"robots\" content=\"index, follow, max-snippet:-1, max-image-preview:large, max-video-preview:-1\" \/>\n<link rel=\"canonical\" href=\"https:\/\/dev.oxygen-coaching.fr\/es\/coaching-de-dirigeant\/\" \/>\n<meta property=\"og:locale\" content=\"es_ES\" \/>\n<meta property=\"og:type\" content=\"article\" \/>\n<meta property=\"og:title\" content=\"Coaching para l\u00edderes &#8226; Oxygen Coaching\" \/>\n<meta property=\"og:url\" content=\"https:\/\/dev.oxygen-coaching.fr\/coaching-de-dirigeant\/\" \/>\n<meta property=\"og:site_name\" content=\"Oxygen Coaching\" \/>\n<meta property=\"article:publisher\" content=\"https:\/\/fr-fr.facebook.com\/oxygencoachingfrance\/\" \/>\n<meta property=\"article:modified_time\" content=\"2023-03-03T14:07:40+00:00\" \/>\n<meta name=\"twitter:card\" content=\"summary_large_image\" \/>\n<meta name=\"twitter:label1\" content=\"Tiempo de lectura\" \/>\n\t<meta name=\"twitter:data1\" content=\"4 minutos\" \/>\n<script type=\"application\/ld+json\" class=\"yoast-schema-graph\">{\"@context\":\"https:\/\/schema.org\",\"@graph\":[{\"@type\":\"WebPage\",\"@id\":\"https:\/\/dev.oxygen-coaching.fr\/coaching-de-dirigeant\/\",\"url\":\"https:\/\/dev.oxygen-coaching.fr\/coaching-de-dirigeant\/\",\"name\":\"Coaching para l\u00edderes &#8226; Oxygen Coaching\",\"isPartOf\":{\"@id\":\"https:\/\/dev.oxygen-coaching.fr\/#website\"},\"datePublished\":\"2015-08-26T16:35:37+00:00\",\"dateModified\":\"2023-03-03T14:07:40+00:00\",\"breadcrumb\":{\"@id\":\"https:\/\/dev.oxygen-coaching.fr\/coaching-de-dirigeant\/#breadcrumb\"},\"inLanguage\":\"es\",\"potentialAction\":[{\"@type\":\"ReadAction\",\"target\":[\"https:\/\/dev.oxygen-coaching.fr\/coaching-de-dirigeant\/\"]}]},{\"@type\":\"BreadcrumbList\",\"@id\":\"https:\/\/dev.oxygen-coaching.fr\/coaching-de-dirigeant\/#breadcrumb\",\"itemListElement\":[{\"@type\":\"ListItem\",\"position\":1,\"name\":\"Accueil\",\"item\":\"https:\/\/dev.oxygen-coaching.fr\/es\/\"},{\"@type\":\"ListItem\",\"position\":2,\"name\":\"Coaching para l\u00edderes\"}]},{\"@type\":\"WebSite\",\"@id\":\"https:\/\/dev.oxygen-coaching.fr\/#website\",\"url\":\"https:\/\/dev.oxygen-coaching.fr\/\",\"name\":\"Oxygen Coaching\",\"description\":\"Catalyseur de r\u00e9ussite\",\"publisher\":{\"@id\":\"https:\/\/dev.oxygen-coaching.fr\/#organization\"},\"potentialAction\":[{\"@type\":\"SearchAction\",\"target\":{\"@type\":\"EntryPoint\",\"urlTemplate\":\"https:\/\/dev.oxygen-coaching.fr\/?s={search_term_string}\"},\"query-input\":{\"@type\":\"PropertyValueSpecification\",\"valueRequired\":true,\"valueName\":\"search_term_string\"}}],\"inLanguage\":\"es\"},{\"@type\":\"Organization\",\"@id\":\"https:\/\/dev.oxygen-coaching.fr\/#organization\",\"name\":\"Oxygen Coaching\",\"url\":\"https:\/\/dev.oxygen-coaching.fr\/\",\"logo\":{\"@type\":\"ImageObject\",\"inLanguage\":\"es\",\"@id\":\"https:\/\/dev.oxygen-coaching.fr\/#\/schema\/logo\/image\/\",\"url\":\"https:\/\/dev.oxygen-coaching.fr\/wp-content\/uploads\/logoRVBbassedf_logoseul1-1-1-e1603375273590-1.png\",\"contentUrl\":\"https:\/\/dev.oxygen-coaching.fr\/wp-content\/uploads\/logoRVBbassedf_logoseul1-1-1-e1603375273590-1.png\",\"width\":322,\"height\":192,\"caption\":\"Oxygen Coaching\"},\"image\":{\"@id\":\"https:\/\/dev.oxygen-coaching.fr\/#\/schema\/logo\/image\/\"},\"sameAs\":[\"https:\/\/fr-fr.facebook.com\/oxygencoachingfrance\/\",\"https:\/\/fr.linkedin.com\/in\/c\u00e9line-g\u00e9ara-thomas-0aa2bb\"]}]}<\/script>\n<!-- \/ Yoast SEO plugin. -->","yoast_head_json":{"title":"Coaching para l\u00edderes &#8226; Oxygen Coaching","robots":{"index":"index","follow":"follow","max-snippet":"max-snippet:-1","max-image-preview":"max-image-preview:large","max-video-preview":"max-video-preview:-1"},"canonical":"https:\/\/dev.oxygen-coaching.fr\/es\/coaching-de-dirigeant\/","og_locale":"es_ES","og_type":"article","og_title":"Coaching para l\u00edderes &#8226; Oxygen Coaching","og_url":"https:\/\/dev.oxygen-coaching.fr\/coaching-de-dirigeant\/","og_site_name":"Oxygen Coaching","article_publisher":"https:\/\/fr-fr.facebook.com\/oxygencoachingfrance\/","article_modified_time":"2023-03-03T14:07:40+00:00","twitter_card":"summary_large_image","twitter_misc":{"Tiempo de lectura":"4 minutos"},"schema":{"@context":"https:\/\/schema.org","@graph":[{"@type":"WebPage","@id":"https:\/\/dev.oxygen-coaching.fr\/coaching-de-dirigeant\/","url":"https:\/\/dev.oxygen-coaching.fr\/coaching-de-dirigeant\/","name":"Coaching para l\u00edderes &#8226; Oxygen Coaching","isPartOf":{"@id":"https:\/\/dev.oxygen-coaching.fr\/#website"},"datePublished":"2015-08-26T16:35:37+00:00","dateModified":"2023-03-03T14:07:40+00:00","breadcrumb":{"@id":"https:\/\/dev.oxygen-coaching.fr\/coaching-de-dirigeant\/#breadcrumb"},"inLanguage":"es","potentialAction":[{"@type":"ReadAction","target":["https:\/\/dev.oxygen-coaching.fr\/coaching-de-dirigeant\/"]}]},{"@type":"BreadcrumbList","@id":"https:\/\/dev.oxygen-coaching.fr\/coaching-de-dirigeant\/#breadcrumb","itemListElement":[{"@type":"ListItem","position":1,"name":"Accueil","item":"https:\/\/dev.oxygen-coaching.fr\/es\/"},{"@type":"ListItem","position":2,"name":"Coaching para l\u00edderes"}]},{"@type":"WebSite","@id":"https:\/\/dev.oxygen-coaching.fr\/#website","url":"https:\/\/dev.oxygen-coaching.fr\/","name":"Oxygen Coaching","description":"Catalyseur de r\u00e9ussite","publisher":{"@id":"https:\/\/dev.oxygen-coaching.fr\/#organization"},"potentialAction":[{"@type":"SearchAction","target":{"@type":"EntryPoint","urlTemplate":"https:\/\/dev.oxygen-coaching.fr\/?s={search_term_string}"},"query-input":{"@type":"PropertyValueSpecification","valueRequired":true,"valueName":"search_term_string"}}],"inLanguage":"es"},{"@type":"Organization","@id":"https:\/\/dev.oxygen-coaching.fr\/#organization","name":"Oxygen Coaching","url":"https:\/\/dev.oxygen-coaching.fr\/","logo":{"@type":"ImageObject","inLanguage":"es","@id":"https:\/\/dev.oxygen-coaching.fr\/#\/schema\/logo\/image\/","url":"https:\/\/dev.oxygen-coaching.fr\/wp-content\/uploads\/logoRVBbassedf_logoseul1-1-1-e1603375273590-1.png","contentUrl":"https:\/\/dev.oxygen-coaching.fr\/wp-content\/uploads\/logoRVBbassedf_logoseul1-1-1-e1603375273590-1.png","width":322,"height":192,"caption":"Oxygen Coaching"},"image":{"@id":"https:\/\/dev.oxygen-coaching.fr\/#\/schema\/logo\/image\/"},"sameAs":["https:\/\/fr-fr.facebook.com\/oxygencoachingfrance\/","https:\/\/fr.linkedin.com\/in\/c\u00e9line-g\u00e9ara-thomas-0aa2bb"]}]}},"_links":{"self":[{"href":"https:\/\/dev.oxygen-coaching.fr\/es\/wp-json\/wp\/v2\/pages\/4618","targetHints":{"allow":["GET"]}}],"collection":[{"href":"https:\/\/dev.oxygen-coaching.fr\/es\/wp-json\/wp\/v2\/pages"}],"about":[{"href":"https:\/\/dev.oxygen-coaching.fr\/es\/wp-json\/wp\/v2\/types\/page"}],"author":[{"embeddable":true,"href":"https:\/\/dev.oxygen-coaching.fr\/es\/wp-json\/wp\/v2\/users\/1"}],"replies":[{"embeddable":true,"href":"https:\/\/dev.oxygen-coaching.fr\/es\/wp-json\/wp\/v2\/comments?post=4618"}],"version-history":[{"count":14,"href":"https:\/\/dev.oxygen-coaching.fr\/es\/wp-json\/wp\/v2\/pages\/4618\/revisions"}],"predecessor-version":[{"id":7440,"href":"https:\/\/dev.oxygen-coaching.fr\/es\/wp-json\/wp\/v2\/pages\/4618\/revisions\/7440"}],"wp:attachment":[{"href":"https:\/\/dev.oxygen-coaching.fr\/es\/wp-json\/wp\/v2\/media?parent=4618"}],"curies":[{"name":"wp","href":"https:\/\/api.w.org\/{rel}","templated":true}]}}