{"id":4615,"date":"2015-05-14T08:45:43","date_gmt":"2015-05-14T07:45:43","guid":{"rendered":"http:\/\/dev.oxygen-coaching.fr\/coaching-adultos-de-alto-potencial-o-cebras\/"},"modified":"2023-03-03T15:07:40","modified_gmt":"2023-03-03T14:07:40","slug":"coaching-adultos-de-alto-potencial-o-cebras","status":"publish","type":"page","link":"https:\/\/dev.oxygen-coaching.fr\/es\/coaching-adultos-de-alto-potencial-o-cebras\/","title":{"rendered":"Coaching adultos de alto potencial o &#8220;Cebras&#8221;"},"content":{"rendered":"<section class=\"l-section wpb_row height_auto\"><div class=\"l-section-h i-cf\"><div class=\"g-cols vc_row via_flex valign_top type_default reversed stacking_default\"><div class=\"vc_col-sm-3 wpb_column vc_column_container\"><div class=\"vc_column-inner\"><div class=\"wpb_wrapper\"><div class=\"w-image align_center\"><div class=\"w-image-h\"><img decoding=\"async\" width=\"300\" height=\"225\" src=\"https:\/\/dev.oxygen-coaching.fr\/wp-content\/uploads\/IMG_0143-300x225.jpg\" class=\"attachment-medium size-medium\" alt=\"\" loading=\"lazy\" srcset=\"https:\/\/dev.oxygen-coaching.fr\/wp-content\/uploads\/IMG_0143-300x225.jpg 300w, https:\/\/dev.oxygen-coaching.fr\/wp-content\/uploads\/IMG_0143-1024x768.jpg 1024w, https:\/\/dev.oxygen-coaching.fr\/wp-content\/uploads\/IMG_0143-600x450.jpg 600w\" sizes=\"auto, (max-width: 300px) 100vw, 300px\" \/><\/div><\/div><div class=\"wpb_text_column\"><div class=\"wpb_wrapper\"><p style=\"text-align: center;\"><a href=\"https:\/\/dev.oxygen-coaching.fr\/wp-content\/uploads\/fiches-EN-BD-10-gifted.pdf\" target=\"_blank\" rel=\"noopener\">Descargar la ficha t\u00e9cnica<\/a><\/p>\n<\/div><\/div><\/div><\/div><\/div><div class=\"vc_col-sm-9 wpb_column vc_column_container\"><div class=\"vc_column-inner\"><div class=\"wpb_wrapper\"><div class=\"wpb_text_column us_custom_30e015e7\"><div class=\"wpb_wrapper\"><p class=\"p1\" style=\"text-align: justify;\"><span class=\"s1\">Existen varios nombres para designar a los <strong>adultos superdotados<\/strong> o con <strong>altas capacidades intelectuales<\/strong>.<\/span><\/p>\n<p class=\"p1\" style=\"text-align: justify;\"><span class=\"s1\">Tambi\u00e9n se utilizan con frecuencia expresiones como \u201c<strong>de alto potencial<\/strong>\u201d o \u201c<strong>talento<\/strong>\u201d. En la pr\u00e1ctica, aparecen los calificativos de \u201c<strong>cebra<\/strong>\u201d, \u201c<strong>hipereficiente<\/strong>\u201d, \u201c<strong>superdotado<\/strong>\u201d, \u201c<strong><i>gifted<\/i><\/strong>\u201d o \u201c<strong><i>talented<\/i><\/strong>\u201d. Generalmente, la palabra \u201c<strong>precoz<\/strong>\u201d se aplica a los ni\u00f1os.<\/span><\/p>\n<p class=\"p1\" style=\"text-align: justify;\"><span class=\"s1\" style=\"color: #333333;\"><span style=\"font-size: 12pt;\">El <strong>adulto superdotado<\/strong>, tambi\u00e9n llamado \u201c<strong>cebra<\/strong>\u201d, posee <strong>caracter\u00edsticas singulares<\/strong>.<\/span> <\/span><\/p>\n<p class=\"p1\" style=\"text-align: justify;\"><span class=\"s1\" style=\"font-size: 12pt; color: #333333;\">Aunque las modalidades pr\u00e1cticas del coaching sean aquellas del coaching individual, sus caracter\u00edsticas propias hacen que el acompa\u00f1amiento sea particular y que el coach tenga una postura espec\u00edfica, pr\u00f3xima del acompa\u00f1amiento existencial o filos\u00f3fico.<\/span><\/p>\n<p class=\"p1\" style=\"text-align: justify;\"><span class=\"s1\">El acompa\u00f1amiento existencial-humanista comienza con la convicci\u00f3n de que, aunque los seres humanos est\u00e1n solos en el mundo, siempre aspiran a vincularse con los dem\u00e1s. Las personas quieren darle un sentido a la vida y deben entender que no tienen que contar con los otros para validar su realizaci\u00f3n. Deben entonces reconocer y comprender que est\u00e1n fundamentalmente solos (Yalom, 1980). \u201cEl resultado de esta revelaci\u00f3n es la ansiedad de saber que nuestra validaci\u00f3n del sentido de la existencia debe venir del interior y no de los otros\u201d.<\/span><\/p>\n<p class=\"p1\" style=\"text-align: justify;\"><span class=\"s1\">La consulta filos\u00f3fica, surgida recientemente, se aplica a muchos campos que privilegian el bienestar y el conocimiento. La postura es humanista, el encuentro se establece de un sujeto a otro favoreciendo la comunicaci\u00f3n. En este aspecto, tambi\u00e9n pasan a un primer plano los cuestionamientos, los sufrimientos y las paradojas. Donde el cuestionamiento existencial ofrece los aportes del existencialismo, la consulta filos\u00f3fica introduce referentes de modelos filos\u00f3ficos.<\/span><\/p>\n<\/div><\/div><\/div><\/div><\/div><\/div><\/div><\/section><section class=\"l-section wpb_row height_medium\"><div class=\"l-section-h i-cf\"><div class=\"g-cols vc_row via_flex valign_top type_default stacking_default\"><div class=\"vc_col-sm-12 wpb_column vc_column_container\"><div class=\"vc_column-inner\"><div class=\"wpb_wrapper\"><div class=\"wpb_text_column\"><div class=\"wpb_wrapper\"><\/div><\/div><\/div><\/div><\/div><\/div><\/div><\/section><!-- Row Backgrounds --><div class=\"upb_bg_img\" data-ultimate-bg=\"url(https:\/\/dev.oxygen-coaching.fr\/wp-content\/uploads\/Zebres-AV-Oxygen-C-7125-Zebres.jpg)\" data-image-id=\"1023|https:\/\/dev.oxygen-coaching.fr\/wp-content\/uploads\/Zebres-AV-Oxygen-C-7125-Zebres.jpg\" data-ultimate-bg-style=\"vcpb-vz-jquery\" data-bg-img-repeat=\"repeat\" data-bg-img-size=\"cover\" data-bg-img-position=\"\" data-parallx_sense=\"60\" data-bg-override=\"0\" data-bg_img_attach=\"scroll\" data-upb-overlay-color=\"\" data-upb-bg-animation=\"\" data-fadeout=\"\" data-bg-animation=\"left-animation\" data-bg-animation-type=\"h\" data-animation-repeat=\"repeat\" data-fadeout-percentage=\"30\" data-parallax-content=\"\" data-parallax-content-sense=\"30\" data-row-effect-mobile-disable=\"true\" data-img-parallax-mobile-disable=\"true\" data-rtl=\"false\"  data-custom-vc-row=\"\"  data-vc=\"8.6.1\"  data-is_old_vc=\"\"  data-theme-support=\"\"   data-overlay=\"false\" data-overlay-color=\"\" data-overlay-pattern=\"\" data-overlay-pattern-opacity=\"\" data-overlay-pattern-size=\"\"    ><\/div><section class=\"l-section wpb_row height_auto\"><div class=\"l-section-h i-cf\"><div class=\"g-cols vc_row via_flex valign_middle type_default stacking_default\"><div class=\"vc_col-sm-12 wpb_column vc_column_container\"><div class=\"vc_column-inner\"><div class=\"wpb_wrapper\"><div class=\"wpb_text_column\"><div class=\"wpb_wrapper\"><h3 class=\"p1\" style=\"text-align: center;\"><span class=\"s1\">Postura del coach de Alto Potencial \/ \u201cCebra\u201d <\/span><\/h3>\n<\/div><\/div><div class=\"g-cols wpb_row via_flex valign_middle type_default stacking_default\"><div class=\"vc_col-sm-6 wpb_column vc_column_container\"><div class=\"vc_column-inner\"><div class=\"wpb_wrapper\"><div class=\"wpb_text_column\"><div class=\"wpb_wrapper\"><p class=\"p1\" style=\"text-align: justify;\"><span class=\"s1\" style=\"font-size: 12pt; color: #333333;\">Frente a una cebra, el coach est\u00e1 expuesto a diversos peligros:<\/span><\/p>\n<ul class=\"ul1\">\n<li class=\"li1\" style=\"text-align: justify;\"><span class=\"s1\">Puede tener dificultades para seguir la l\u00f3gica de su cliente o la velocidad de su razonamiento.<\/span><\/li>\n<li class=\"li1\" style=\"text-align: justify;\"><span class=\"s1\">Puede sentir envidia o miedo. A veces la persona superdotada genera admiraci\u00f3n o sumisi\u00f3n excesivas en el coach que solo logra trabajar desde la seducci\u00f3n o la adulaci\u00f3n. <\/span><\/li>\n<li class=\"li1\" style=\"text-align: justify;\"><span class=\"s1\">Esta reacci\u00f3n de contra-transferencia est\u00e1 menos presente en los coachs que, a la vez, tambi\u00e9n son \u201ccebras\u201d.<\/span><\/li>\n<li class=\"li1\" style=\"text-align: justify;\"><span class=\"s1\">Puede existir un desequilibrio entre ellos, lo que impide que se establezca un verdadero v\u00ednculo.<\/span><\/li>\n<li class=\"li1\" style=\"text-align: justify;\"><span class=\"s1\">Por \u00faltimo, el coach, cuya especialidad es el plano humano, puede sentirse desbordado por la comprensi\u00f3n intuitiva y profunda de lo humano por parte de su cliente, as\u00ed como por sus emociones. Algunos coachs no logran manejar esas situaciones.<\/span><\/li>\n<\/ul>\n<\/div><\/div><\/div><\/div><\/div><div class=\"vc_col-sm-6 wpb_column vc_column_container\"><div class=\"vc_column-inner\"><div class=\"wpb_wrapper\"><div class=\"w-image align_center\"><div class=\"w-image-h\"><img decoding=\"async\" width=\"1024\" height=\"531\" src=\"https:\/\/dev.oxygen-coaching.fr\/wp-content\/uploads\/Zebres-AV-Oxygen-12-1024x531.jpg\" class=\"attachment-large size-large\" alt=\"\" loading=\"lazy\" srcset=\"https:\/\/dev.oxygen-coaching.fr\/wp-content\/uploads\/Zebres-AV-Oxygen-12-1024x531.jpg 1024w, https:\/\/dev.oxygen-coaching.fr\/wp-content\/uploads\/Zebres-AV-Oxygen-12-300x155.jpg 300w, https:\/\/dev.oxygen-coaching.fr\/wp-content\/uploads\/Zebres-AV-Oxygen-12-600x311.jpg 600w, https:\/\/dev.oxygen-coaching.fr\/wp-content\/uploads\/Zebres-AV-Oxygen-12.jpg 1920w\" sizes=\"auto, (max-width: 1024px) 100vw, 1024px\" \/><\/div><\/div><\/div><\/div><\/div><\/div><div class=\"w-separator size_small with_line width_default thick_1 style_solid color_border align_center\"><div class=\"w-separator-h\"><\/div><\/div><div class=\"wpb_text_column\"><div class=\"wpb_wrapper\"><p class=\"p1\" style=\"text-align: justify;\"><span class=\"s1\">La labor de Jeanne Siaud-Facchin y Kazimierz Dabrowski, entre otras, nos invita a pensar que al adoptar una instancia espec\u00edfica junto con una hipersensibilidad emocional, inteligencia y ante todo una actividad cerebral bondadosa y compartir la experiencia, el coach puede facilitar la creaci\u00f3n del v\u00ednculo y, por lo tanto, ayudar a la persona a desempe\u00f1ar una funci\u00f3n activa en su transformaci\u00f3n.\u00a0<\/span><\/p>\n<\/div><\/div><\/div><\/div><\/div><\/div><\/div><\/section><section class=\"l-section wpb_row height_medium\"><div class=\"l-section-h i-cf\"><div class=\"g-cols vc_row via_flex valign_top type_default stacking_default\"><div class=\"vc_col-sm-12 wpb_column vc_column_container\"><div class=\"vc_column-inner\"><div class=\"wpb_wrapper\"><div class=\"wpb_text_column\"><div class=\"wpb_wrapper\"><\/div><\/div><\/div><\/div><\/div><\/div><\/div><\/section><!-- Row Backgrounds --><div class=\"upb_bg_img\" data-ultimate-bg=\"url(https:\/\/dev.oxygen-coaching.fr\/wp-content\/uploads\/Zebres-AV-Oxygen-C-7125-Zebres.jpg)\" data-image-id=\"1023|https:\/\/dev.oxygen-coaching.fr\/wp-content\/uploads\/Zebres-AV-Oxygen-C-7125-Zebres.jpg\" data-ultimate-bg-style=\"vcpb-vz-jquery\" data-bg-img-repeat=\"repeat\" data-bg-img-size=\"cover\" data-bg-img-position=\"\" data-parallx_sense=\"80\" data-bg-override=\"0\" data-bg_img_attach=\"scroll\" data-upb-overlay-color=\"\" data-upb-bg-animation=\"\" data-fadeout=\"\" data-bg-animation=\"left-animation\" data-bg-animation-type=\"h\" data-animation-repeat=\"repeat\" data-fadeout-percentage=\"30\" data-parallax-content=\"\" data-parallax-content-sense=\"30\" data-row-effect-mobile-disable=\"true\" data-img-parallax-mobile-disable=\"true\" data-rtl=\"false\"  data-custom-vc-row=\"\"  data-vc=\"8.6.1\"  data-is_old_vc=\"\"  data-theme-support=\"\"   data-overlay=\"false\" data-overlay-color=\"\" data-overlay-pattern=\"\" data-overlay-pattern-opacity=\"\" data-overlay-pattern-size=\"\"    ><\/div><section class=\"l-section wpb_row height_auto\"><div class=\"l-section-h i-cf\"><div class=\"g-cols vc_row via_flex valign_top type_default stacking_default\"><div class=\"vc_col-sm-6 wpb_column vc_column_container\"><div class=\"vc_column-inner\"><div class=\"wpb_wrapper\"><div class=\"wpb_text_column\"><div class=\"wpb_wrapper\"><h3 class=\"p1\" style=\"text-align: left;\"><span class=\"s1\">Algunas caracter\u00edsticas frecuentes del adulto con alto potencial \/ \u201cCebra\u201d<\/span><\/h3>\n<ul>\n<li class=\"li1\" style=\"text-align: justify;\"><span class=\"s2\">Hiperestesia (receptividad sensorial exacerbada)<\/span><\/li>\n<li class=\"li1\" style=\"text-align: justify;\"><span class=\"s2\">Hipersensibilidad emocional<\/span><\/li>\n<li class=\"li1\" style=\"text-align: justify;\"><span class=\"s2\">Actividad cerebral intensa<\/span><\/li>\n<li class=\"li1\" style=\"text-align: justify;\"><span class=\"s2\">Tratamiento m\u00e1s r\u00e1pido y en estructura arborescente de las informaciones y percepciones<\/span><\/li>\n<li class=\"li1\" style=\"text-align: justify;\"><span class=\"s2\">D\u00e9ficit de inhibici\u00f3n latente que impide el filtro de la informaci\u00f3n de menor importancia y que trae como consecuencia una \u201csobrecarga\u201d cerebral (hiperconcientizaci\u00f3n, el \u201ccebra\u201d ve todo, oye todo, graba todo, etc.)<\/span><\/li>\n<li class=\"li1\" style=\"text-align: justify;\"><span class=\"s2\">Modo de razonamiento global que supera el umbral de la consciencia y que le permite llegar a buenos resultados, pero sin poder explicar las etapas que lo llevaron a la resoluci\u00f3n del problema<\/span><\/li>\n<li class=\"li1\" style=\"text-align: justify;\"><span class=\"s2\">Sentimiento intenso de diferencia e incomprensi\u00f3n mutua con el resto del mundo<\/span><\/li>\n<li class=\"li1\" style=\"text-align: justify;\"><span class=\"s2\">Impresi\u00f3n de verse vivir su vida, de ser un mero espectador y no actor de su existencia, de no estar all\u00ed<\/span><\/li>\n<\/ul>\n<\/div><\/div><\/div><\/div><\/div><div class=\"vc_col-sm-6 wpb_column vc_column_container\"><div class=\"vc_column-inner\"><div class=\"wpb_wrapper\"><div class=\"w-separator size_small with_line width_default thick_1 style_solid color_border align_center\"><div class=\"w-separator-h\"><\/div><\/div><div class=\"wpb_text_column us_custom_63e2f4ef\"><div class=\"wpb_wrapper\"><div class=\"w-testimonial-text\" style=\"text-align: justify;\"><span style=\"color: #006481;\">\u201cAnte todo, ser superdotado es una manera de ser inteligente, un modo at\u00edpico de funcionamiento intelectual, una activaci\u00f3n de los recursos cognitivos cuyas bases cerebrales difieren y cuya organizaci\u00f3n muestra singularidades inesperadas. No se trata de ser cuantitativamente m\u00e1s inteligente, sino de disponer de una inteligencia cualitativamente distinta. \u00a1No es lo mismo! La persona superdotada asocia un muy alto nivel de recursos intelectuales, una inteligencia fuera de serie, unas inmensas capacidades de comprensi\u00f3n y an\u00e1lisis, memorizaci\u00f3n Y una sensibilidad, una emotividad, una receptividad afectiva, una percepci\u00f3n de los cinco sentidos y una clarividencia cuya amplitud e intensidad invaden el campo del pensamiento\u201d<\/span><\/div>\n<div>\u00a0<\/div>\n<div class=\"w-testimonial-author\">\n<div><span class=\"w-testimonial-author-name\" style=\"color: #424242;\">Jeanne Siaud-Facchin <\/span><\/div>\n<div><span class=\"w-testimonial-author-role\" style=\"color: #9e9e9e;\">en \u00ab Trop intelligent pour \u00eatre heureux? (\u00bfDemasiado inteligente para ser feliz?) \u00bb<\/span><\/div>\n<\/div>\n<\/div><\/div><div class=\"wpb_text_column us_custom_5c0dde35\"><div class=\"wpb_wrapper\"><p class=\"p1\"><span class=\"s1\">Para saber m\u00e1s\u2026<br \/><\/span><span class=\"s1\"><a href=\"https:\/\/dev.oxygen-coaching.fr\/en\/biblio-hp\/\">Algunas sugerencias de libros sobre el tema<\/a>, para que los disfruten.<\/span><\/p>\n<\/div><\/div><\/div><\/div><\/div><\/div><\/div><\/section>\n","protected":false},"excerpt":{"rendered":"Descargar la ficha t\u00e9cnica Existen varios nombres para designar a los adultos superdotados o con altas capacidades intelectuales. Tambi\u00e9n se utilizan con frecuencia expresiones como \u201cde alto potencial\u201d o \u201ctalento\u201d. En la pr\u00e1ctica, aparecen los calificativos de \u201ccebra\u201d, \u201chipereficiente\u201d, \u201csuperdotado\u201d, \u201cgifted\u201d o \u201ctalented\u201d. Generalmente, la palabra \u201cprecoz\u201d se aplica a los ni\u00f1os. El adulto superdotado,...","protected":false},"author":1,"featured_media":0,"parent":0,"menu_order":0,"comment_status":"closed","ping_status":"closed","template":"","meta":{"_monsterinsights_skip_tracking":false,"_monsterinsights_sitenote_active":false,"_monsterinsights_sitenote_note":"","_monsterinsights_sitenote_category":0,"footnotes":""},"class_list":["post-4615","page","type-page","status-publish","hentry"],"yoast_head":"<!-- This site is optimized with the Yoast SEO plugin v25.8 - https:\/\/yoast.com\/wordpress\/plugins\/seo\/ -->\n<title>Coaching adultos de alto potencial o &quot;Cebras&quot; &#8226; Oxygen Coaching<\/title>\n<meta name=\"robots\" content=\"index, follow, max-snippet:-1, max-image-preview:large, max-video-preview:-1\" \/>\n<link rel=\"canonical\" href=\"https:\/\/dev.oxygen-coaching.fr\/es\/coaching-haut-potentiel-et-zebre\/\" \/>\n<meta property=\"og:locale\" content=\"es_ES\" \/>\n<meta property=\"og:type\" content=\"article\" \/>\n<meta property=\"og:title\" content=\"Coaching adultos de alto potencial o &quot;Cebras&quot; &#8226; Oxygen Coaching\" \/>\n<meta property=\"og:url\" content=\"https:\/\/dev.oxygen-coaching.fr\/coaching-haut-potentiel-et-zebre\/\" \/>\n<meta property=\"og:site_name\" content=\"Oxygen Coaching\" \/>\n<meta property=\"article:publisher\" content=\"https:\/\/fr-fr.facebook.com\/oxygencoachingfrance\/\" \/>\n<meta property=\"article:modified_time\" content=\"2023-03-03T14:07:40+00:00\" \/>\n<meta name=\"twitter:card\" content=\"summary_large_image\" \/>\n<meta name=\"twitter:label1\" content=\"Tiempo de lectura\" \/>\n\t<meta name=\"twitter:data1\" content=\"5 minutos\" \/>\n<script type=\"application\/ld+json\" class=\"yoast-schema-graph\">{\"@context\":\"https:\/\/schema.org\",\"@graph\":[{\"@type\":\"WebPage\",\"@id\":\"https:\/\/dev.oxygen-coaching.fr\/coaching-haut-potentiel-et-zebre\/\",\"url\":\"https:\/\/dev.oxygen-coaching.fr\/coaching-haut-potentiel-et-zebre\/\",\"name\":\"Coaching adultos de alto potencial o \\\"Cebras\\\" &#8226; Oxygen Coaching\",\"isPartOf\":{\"@id\":\"https:\/\/dev.oxygen-coaching.fr\/#website\"},\"datePublished\":\"2015-05-14T07:45:43+00:00\",\"dateModified\":\"2023-03-03T14:07:40+00:00\",\"breadcrumb\":{\"@id\":\"https:\/\/dev.oxygen-coaching.fr\/coaching-haut-potentiel-et-zebre\/#breadcrumb\"},\"inLanguage\":\"es\",\"potentialAction\":[{\"@type\":\"ReadAction\",\"target\":[\"https:\/\/dev.oxygen-coaching.fr\/coaching-haut-potentiel-et-zebre\/\"]}]},{\"@type\":\"BreadcrumbList\",\"@id\":\"https:\/\/dev.oxygen-coaching.fr\/coaching-haut-potentiel-et-zebre\/#breadcrumb\",\"itemListElement\":[{\"@type\":\"ListItem\",\"position\":1,\"name\":\"Accueil\",\"item\":\"https:\/\/dev.oxygen-coaching.fr\/es\/\"},{\"@type\":\"ListItem\",\"position\":2,\"name\":\"Coaching adultos de alto potencial o \u00ab\u00a0Cebras\u00a0\u00bb\"}]},{\"@type\":\"WebSite\",\"@id\":\"https:\/\/dev.oxygen-coaching.fr\/#website\",\"url\":\"https:\/\/dev.oxygen-coaching.fr\/\",\"name\":\"Oxygen Coaching\",\"description\":\"Catalyseur de r\u00e9ussite\",\"publisher\":{\"@id\":\"https:\/\/dev.oxygen-coaching.fr\/#organization\"},\"potentialAction\":[{\"@type\":\"SearchAction\",\"target\":{\"@type\":\"EntryPoint\",\"urlTemplate\":\"https:\/\/dev.oxygen-coaching.fr\/?s={search_term_string}\"},\"query-input\":{\"@type\":\"PropertyValueSpecification\",\"valueRequired\":true,\"valueName\":\"search_term_string\"}}],\"inLanguage\":\"es\"},{\"@type\":\"Organization\",\"@id\":\"https:\/\/dev.oxygen-coaching.fr\/#organization\",\"name\":\"Oxygen Coaching\",\"url\":\"https:\/\/dev.oxygen-coaching.fr\/\",\"logo\":{\"@type\":\"ImageObject\",\"inLanguage\":\"es\",\"@id\":\"https:\/\/dev.oxygen-coaching.fr\/#\/schema\/logo\/image\/\",\"url\":\"https:\/\/dev.oxygen-coaching.fr\/wp-content\/uploads\/logoRVBbassedf_logoseul1-1-1-e1603375273590-1.png\",\"contentUrl\":\"https:\/\/dev.oxygen-coaching.fr\/wp-content\/uploads\/logoRVBbassedf_logoseul1-1-1-e1603375273590-1.png\",\"width\":322,\"height\":192,\"caption\":\"Oxygen Coaching\"},\"image\":{\"@id\":\"https:\/\/dev.oxygen-coaching.fr\/#\/schema\/logo\/image\/\"},\"sameAs\":[\"https:\/\/fr-fr.facebook.com\/oxygencoachingfrance\/\",\"https:\/\/fr.linkedin.com\/in\/c\u00e9line-g\u00e9ara-thomas-0aa2bb\"]}]}<\/script>\n<!-- \/ Yoast SEO plugin. -->","yoast_head_json":{"title":"Coaching adultos de alto potencial o \"Cebras\" &#8226; Oxygen Coaching","robots":{"index":"index","follow":"follow","max-snippet":"max-snippet:-1","max-image-preview":"max-image-preview:large","max-video-preview":"max-video-preview:-1"},"canonical":"https:\/\/dev.oxygen-coaching.fr\/es\/coaching-haut-potentiel-et-zebre\/","og_locale":"es_ES","og_type":"article","og_title":"Coaching adultos de alto potencial o \"Cebras\" &#8226; Oxygen Coaching","og_url":"https:\/\/dev.oxygen-coaching.fr\/coaching-haut-potentiel-et-zebre\/","og_site_name":"Oxygen Coaching","article_publisher":"https:\/\/fr-fr.facebook.com\/oxygencoachingfrance\/","article_modified_time":"2023-03-03T14:07:40+00:00","twitter_card":"summary_large_image","twitter_misc":{"Tiempo de lectura":"5 minutos"},"schema":{"@context":"https:\/\/schema.org","@graph":[{"@type":"WebPage","@id":"https:\/\/dev.oxygen-coaching.fr\/coaching-haut-potentiel-et-zebre\/","url":"https:\/\/dev.oxygen-coaching.fr\/coaching-haut-potentiel-et-zebre\/","name":"Coaching adultos de alto potencial o \"Cebras\" &#8226; Oxygen Coaching","isPartOf":{"@id":"https:\/\/dev.oxygen-coaching.fr\/#website"},"datePublished":"2015-05-14T07:45:43+00:00","dateModified":"2023-03-03T14:07:40+00:00","breadcrumb":{"@id":"https:\/\/dev.oxygen-coaching.fr\/coaching-haut-potentiel-et-zebre\/#breadcrumb"},"inLanguage":"es","potentialAction":[{"@type":"ReadAction","target":["https:\/\/dev.oxygen-coaching.fr\/coaching-haut-potentiel-et-zebre\/"]}]},{"@type":"BreadcrumbList","@id":"https:\/\/dev.oxygen-coaching.fr\/coaching-haut-potentiel-et-zebre\/#breadcrumb","itemListElement":[{"@type":"ListItem","position":1,"name":"Accueil","item":"https:\/\/dev.oxygen-coaching.fr\/es\/"},{"@type":"ListItem","position":2,"name":"Coaching adultos de alto potencial o \u00ab\u00a0Cebras\u00a0\u00bb"}]},{"@type":"WebSite","@id":"https:\/\/dev.oxygen-coaching.fr\/#website","url":"https:\/\/dev.oxygen-coaching.fr\/","name":"Oxygen Coaching","description":"Catalyseur de r\u00e9ussite","publisher":{"@id":"https:\/\/dev.oxygen-coaching.fr\/#organization"},"potentialAction":[{"@type":"SearchAction","target":{"@type":"EntryPoint","urlTemplate":"https:\/\/dev.oxygen-coaching.fr\/?s={search_term_string}"},"query-input":{"@type":"PropertyValueSpecification","valueRequired":true,"valueName":"search_term_string"}}],"inLanguage":"es"},{"@type":"Organization","@id":"https:\/\/dev.oxygen-coaching.fr\/#organization","name":"Oxygen Coaching","url":"https:\/\/dev.oxygen-coaching.fr\/","logo":{"@type":"ImageObject","inLanguage":"es","@id":"https:\/\/dev.oxygen-coaching.fr\/#\/schema\/logo\/image\/","url":"https:\/\/dev.oxygen-coaching.fr\/wp-content\/uploads\/logoRVBbassedf_logoseul1-1-1-e1603375273590-1.png","contentUrl":"https:\/\/dev.oxygen-coaching.fr\/wp-content\/uploads\/logoRVBbassedf_logoseul1-1-1-e1603375273590-1.png","width":322,"height":192,"caption":"Oxygen Coaching"},"image":{"@id":"https:\/\/dev.oxygen-coaching.fr\/#\/schema\/logo\/image\/"},"sameAs":["https:\/\/fr-fr.facebook.com\/oxygencoachingfrance\/","https:\/\/fr.linkedin.com\/in\/c\u00e9line-g\u00e9ara-thomas-0aa2bb"]}]}},"_links":{"self":[{"href":"https:\/\/dev.oxygen-coaching.fr\/es\/wp-json\/wp\/v2\/pages\/4615","targetHints":{"allow":["GET"]}}],"collection":[{"href":"https:\/\/dev.oxygen-coaching.fr\/es\/wp-json\/wp\/v2\/pages"}],"about":[{"href":"https:\/\/dev.oxygen-coaching.fr\/es\/wp-json\/wp\/v2\/types\/page"}],"author":[{"embeddable":true,"href":"https:\/\/dev.oxygen-coaching.fr\/es\/wp-json\/wp\/v2\/users\/1"}],"replies":[{"embeddable":true,"href":"https:\/\/dev.oxygen-coaching.fr\/es\/wp-json\/wp\/v2\/comments?post=4615"}],"version-history":[{"count":42,"href":"https:\/\/dev.oxygen-coaching.fr\/es\/wp-json\/wp\/v2\/pages\/4615\/revisions"}],"predecessor-version":[{"id":11985,"href":"https:\/\/dev.oxygen-coaching.fr\/es\/wp-json\/wp\/v2\/pages\/4615\/revisions\/11985"}],"wp:attachment":[{"href":"https:\/\/dev.oxygen-coaching.fr\/es\/wp-json\/wp\/v2\/media?parent=4615"}],"curies":[{"name":"wp","href":"https:\/\/api.w.org\/{rel}","templated":true}]}}