{"id":4612,"date":"2015-05-14T08:30:37","date_gmt":"2015-05-14T07:30:37","guid":{"rendered":"http:\/\/dev.oxygen-coaching.fr\/nuestro-estilo\/"},"modified":"2023-07-04T18:16:43","modified_gmt":"2023-07-04T16:16:43","slug":"nuestro-estilo","status":"publish","type":"page","link":"https:\/\/dev.oxygen-coaching.fr\/es\/nuestro-estilo\/","title":{"rendered":"Nuestro estilo"},"content":{"rendered":"<section class=\"l-section wpb_row height_auto\"><div class=\"l-section-h i-cf\"><div class=\"g-cols vc_row via_flex valign_top type_default stacking_default\"><div class=\"vc_col-sm-12 wpb_column vc_column_container\"><div class=\"vc_column-inner\"><div class=\"wpb_wrapper\"><div class=\"wpb_text_column\"><div class=\"wpb_wrapper\"><h2 class=\"p1\" style=\"text-align: justify;\"><span class=\"s1\">El estilo Oxygen.<\/span><\/h2>\n<ul>\n<li class=\"li1\" style=\"text-align: justify;\"><span class=\"s2\">Estamos seguros de que es posible conciliar rendimiento y respeto entre las personas.<\/span><\/li>\n<li class=\"li1\" style=\"text-align: justify;\"><span class=\"s2\">El inter\u00e9s de los clientes es superior al nuestro, sin que por ello debamos decir que \u201cs\u00ed\u201d a todo lo que nos piden. Somos exigentes con nosotros mismos y con nuestros clientes. <\/span><\/li>\n<li class=\"li1\" style=\"text-align: justify;\"><span class=\"s2\">Actuamos de manera profesional. Respetamos la cultura de la empresa y de las distintas culturas locales, siempre y cuando no comprometan nuestra integridad.<\/span><\/li>\n<li class=\"li1\" style=\"text-align: justify;\"><span class=\"s2\">Garantizamos la confidencialidad de la informaci\u00f3n. <\/span><\/li>\n<li class=\"li1\" style=\"text-align: justify;\"><span class=\"s2\">Expresamos nuestro punto de vista, sea cual sea, y nos atrevemos a realizar intervenciones fuera de lo com\u00fan.<\/span><\/li>\n<li class=\"li1\" style=\"text-align: justify;\"><span class=\"s2\">Construimos dispositivos adaptados al presupuesto del cliente.<\/span><\/li>\n<li class=\"li1\" style=\"text-align: justify;\"><span class=\"s2\">Trabajamos en equipo, en la empresa y con nuestros clientes. Desarrollamos modelos de interdependencia.<\/span><\/li>\n<li class=\"li1\" style=\"text-align: justify;\"><span class=\"s2\">Somos un equipo con libertad de palabra y de acci\u00f3n, hacemos lo que nos parece justo para nuestros clientes. Nos enorgullece ser un equipo de profesionales independientes.\u00a0<\/span><\/li>\n<li class=\"li1\" style=\"text-align: justify;\"><span class=\"s2\">Adoptamos y respetamos los c\u00f3digos de \u00e9tica y deontolog\u00eda de nuestra profesi\u00f3n.<\/span><\/li>\n<li class=\"li1\" style=\"text-align: justify;\"><span class=\"s2\">Dichos c\u00f3digos establecen referencias deontol\u00f3gicas, teniendo en cuenta las especificidades del coaching como proceso de acompa\u00f1amiento de la persona a lo largo de su vida profesional, y son el resultado de una reflexi\u00f3n \u00e9tica. <\/span><\/li>\n<li class=\"li1\" style=\"text-align: justify;\"><span class=\"s2\">Estamos comprometidos con la profesionalizaci\u00f3n de nuestro oficio.<\/span><\/li>\n<li class=\"li1\" style=\"text-align: justify;\"><span class=\"s2\">Somos libres, independientes y apasionados por nuestro oficio.\u00a0<\/span><\/li>\n<\/ul>\n<\/div><\/div><\/div><\/div><\/div><\/div><\/div><\/section><section class=\"l-section wpb_row height_auto\"><div class=\"l-section-h i-cf\"><div class=\"g-cols vc_row via_flex valign_top type_default stacking_default\"><div class=\"vc_col-sm-12 wpb_column vc_column_container\"><div class=\"vc_column-inner\"><div class=\"wpb_wrapper\"><div class=\"wpb_text_column\"><div class=\"wpb_wrapper\"><\/div><\/div><\/div><\/div><\/div><\/div><\/div><\/section><!-- Row Backgrounds --><div class=\"upb_bg_img\" data-ultimate-bg=\"url(https:\/\/dev.oxygen-coaching.fr\/wp-content\/uploads\/Oxygen-AV-34.jpg)\" data-image-id=\"1298|http:\/\/prod.oxygen-coaching.fr\/wp-content\/uploads\/Oxygen-AV-34.jpg\" data-ultimate-bg-style=\"vcpb-vz-jquery\" data-bg-img-repeat=\"repeat\" data-bg-img-size=\"cover\" data-bg-img-position=\"\" data-parallx_sense=\"100\" data-bg-override=\"0\" data-bg_img_attach=\"scroll\" data-upb-overlay-color=\"\" data-upb-bg-animation=\"\" data-fadeout=\"\" data-bg-animation=\"left-animation\" data-bg-animation-type=\"h\" data-animation-repeat=\"repeat\" data-fadeout-percentage=\"30\" data-parallax-content=\"\" data-parallax-content-sense=\"30\" data-row-effect-mobile-disable=\"true\" data-img-parallax-mobile-disable=\"false\" data-rtl=\"false\"  data-custom-vc-row=\"\"  data-vc=\"8.6.1\"  data-is_old_vc=\"\"  data-theme-support=\"\"   data-overlay=\"false\" data-overlay-color=\"\" data-overlay-pattern=\"\" data-overlay-pattern-opacity=\"\" data-overlay-pattern-size=\"\"    ><\/div><section class=\"l-section wpb_row height_auto\"><div class=\"l-section-h i-cf\"><div class=\"g-cols vc_row via_flex valign_top type_default stacking_default\"><div class=\"vc_col-sm-12 wpb_column vc_column_container\"><div class=\"vc_column-inner\"><div class=\"wpb_wrapper\"><div class=\"wpb_text_column\"><div class=\"wpb_wrapper\"><h3 class=\"p1\" style=\"text-align: justify;\"><span class=\"s1\">Nuestra convicci\u00f3n<\/span><\/h3>\n<p class=\"p1\" style=\"text-align: justify;\"><span class=\"s1\"><span style=\"color: #00b6dd;\"><em>\u00abAl inicio est\u00e1 la relaci\u00f3n.\u00bb<\/em><\/span>\u00a0\u00a0<span style=\"font-size: 10pt;\">Gaston Bachelard<\/span><\/span><\/p>\n<p class=\"p1\" style=\"text-align: justify;\"><span class=\"s1\">Consideramos que el desarrollo personal y las din\u00e1micas colectivas positivas est\u00e1n estrechamente vinculadas con la experiencia de la relaci\u00f3n y suponen la conciencia del otro.\u00a0<\/span><\/p>\n<p class=\"p1\" style=\"text-align: justify;\"><span class=\"s1\">De esta manera, se establece una relaci\u00f3n principalmente sist\u00e9mica. <\/span><\/p>\n<p class=\"p1\" style=\"text-align: justify;\"><span class=\"s1\">Ante todo, estamos convencidos de que se trata de transformar las interacciones interpersonales, para que sean m\u00e1s respetuosas de los dem\u00e1s y para abrir nuevos m\u00e1rgenes de maniobra.<\/span><\/p>\n<p class=\"p1\" style=\"text-align: justify;\"><span class=\"s1\">Adem\u00e1s, creemos que el impacto de nuestras intervenciones se debe medir de manera tangible.<\/span><\/p>\n<p class=\"p1\" style=\"text-align: justify;\">Por eso medimos cuidadosamente los resultados obtenidos tras la finalizaci\u00f3n del programa.. Se organiza una sesi\u00f3n de <em>feedback<\/em> para el cliente, no solo para que mida la calidad de los resultados obtenidos con respecto al personal, sino los beneficios adquiridos para su organizaci\u00f3n.<\/p>\n<\/div><\/div><\/div><\/div><\/div><\/div><\/div><\/section><section class=\"l-section wpb_row height_auto\"><div class=\"l-section-h i-cf\"><div class=\"g-cols vc_row via_flex valign_top type_default stacking_default\"><div class=\"vc_col-sm-12 wpb_column vc_column_container\"><div class=\"vc_column-inner\"><div class=\"wpb_wrapper\"><div class=\"wpb_text_column\"><div class=\"wpb_wrapper\"><\/div><\/div><\/div><\/div><\/div><\/div><\/div><\/section><!-- Row Backgrounds --><div class=\"upb_bg_img\" data-ultimate-bg=\"url(https:\/\/dev.oxygen-coaching.fr\/wp-content\/uploads\/Oxygen-AV-34.jpg)\" data-image-id=\"1298|http:\/\/prod.oxygen-coaching.fr\/wp-content\/uploads\/Oxygen-AV-34.jpg\" data-ultimate-bg-style=\"vcpb-vz-jquery\" data-bg-img-repeat=\"repeat\" data-bg-img-size=\"cover\" data-bg-img-position=\"\" data-parallx_sense=\"100\" data-bg-override=\"0\" data-bg_img_attach=\"scroll\" data-upb-overlay-color=\"\" data-upb-bg-animation=\"\" data-fadeout=\"\" data-bg-animation=\"left-animation\" data-bg-animation-type=\"h\" data-animation-repeat=\"repeat\" data-fadeout-percentage=\"30\" data-parallax-content=\"\" data-parallax-content-sense=\"30\" data-row-effect-mobile-disable=\"true\" data-img-parallax-mobile-disable=\"false\" data-rtl=\"false\"  data-custom-vc-row=\"\"  data-vc=\"8.6.1\"  data-is_old_vc=\"\"  data-theme-support=\"\"   data-overlay=\"false\" data-overlay-color=\"\" data-overlay-pattern=\"\" data-overlay-pattern-opacity=\"\" data-overlay-pattern-size=\"\"    ><\/div><section class=\"l-section wpb_row height_auto\"><div class=\"l-section-h i-cf\"><div class=\"g-cols vc_row via_flex valign_top type_default stacking_default\"><div class=\"vc_col-sm-12 wpb_column vc_column_container\"><div class=\"vc_column-inner\"><div class=\"wpb_wrapper\"><div class=\"wpb_text_column\"><div class=\"wpb_wrapper\"><h3 class=\"p1\" style=\"text-align: justify;\"><span class=\"s1\">Nuestra ambici\u00f3n<\/span><\/h3>\n<p class=\"p1\" style=\"text-align: justify;\"><span class=\"s1\">El <strong>coaching<\/strong> es el coraz\u00f3n de nuestro oficio. Nuestra misi\u00f3n es <strong>desarrollar el rendimiento de l\u00edderes y equipos<\/strong>, en todas partes del mundo.<\/span><\/p>\n<p class=\"p1\" style=\"text-align: justify;\"><span class=\"s1\">Nos reconocen por nuestra capacidad de desplegar programas complejos, de gran envergadura, en todas partes del mundo.<\/span><\/p>\n<p class=\"p1\" style=\"text-align: justify;\"><span class=\"s1\">Dise\u00f1amos diversos tipos de intervenci\u00f3n de coaching para acompa\u00f1ar individuos, grupos, equipos u organizaciones.<\/span><\/p>\n<p class=\"p1\" style=\"text-align: justify;\"><span class=\"s1\">Los numerosos clientes que conf\u00edan en nosotros aprecian nuestra exigencia, nuestra \u00e9tica, nuestra dimensi\u00f3n internacional, la capacidad de dirigir proyectos de gran magnitud que nos caracteriza y la forma en que sabemos orientarnos hacia los resultados.<\/span><\/p>\n<\/div><\/div><\/div><\/div><\/div><\/div><\/div><\/section><section class=\"l-section wpb_row height_auto\"><div class=\"l-section-h i-cf\"><div class=\"g-cols vc_row via_flex valign_top type_default stacking_default\"><div class=\"vc_col-sm-12 wpb_column vc_column_container\"><div class=\"vc_column-inner\"><div class=\"wpb_wrapper\"><div class=\"wpb_text_column\"><div class=\"wpb_wrapper\"><\/div><\/div><\/div><\/div><\/div><\/div><\/div><\/section><!-- Row Backgrounds --><div class=\"upb_bg_img\" data-ultimate-bg=\"url(https:\/\/dev.oxygen-coaching.fr\/wp-content\/uploads\/Oxygen-AV-34.jpg)\" data-image-id=\"1298|http:\/\/prod.oxygen-coaching.fr\/wp-content\/uploads\/Oxygen-AV-34.jpg\" data-ultimate-bg-style=\"vcpb-vz-jquery\" data-bg-img-repeat=\"repeat\" data-bg-img-size=\"cover\" data-bg-img-position=\"\" data-parallx_sense=\"100\" data-bg-override=\"0\" data-bg_img_attach=\"scroll\" data-upb-overlay-color=\"\" data-upb-bg-animation=\"\" data-fadeout=\"\" data-bg-animation=\"left-animation\" data-bg-animation-type=\"h\" data-animation-repeat=\"repeat\" data-fadeout-percentage=\"30\" data-parallax-content=\"\" data-parallax-content-sense=\"30\" data-row-effect-mobile-disable=\"true\" data-img-parallax-mobile-disable=\"false\" data-rtl=\"false\"  data-custom-vc-row=\"\"  data-vc=\"8.6.1\"  data-is_old_vc=\"\"  data-theme-support=\"\"   data-overlay=\"false\" data-overlay-color=\"\" data-overlay-pattern=\"\" data-overlay-pattern-opacity=\"\" data-overlay-pattern-size=\"\"    ><\/div><section class=\"l-section wpb_row height_auto\"><div class=\"l-section-h i-cf\"><div class=\"g-cols vc_row via_flex valign_top type_default stacking_default\"><div class=\"vc_col-sm-12 wpb_column vc_column_container\"><div class=\"vc_column-inner\"><div class=\"wpb_wrapper\"><div class=\"wpb_text_column\"><div class=\"wpb_wrapper\"><h3 class=\"p1\" style=\"text-align: justify;\"><span class=\"s1\">Nuestra postura<\/span><\/h3>\n<p class=\"p1\" style=\"text-align: justify;\"><span class=\"s1\">Acompa\u00f1amos a nuestros clientes en misiones complejas cuando se impone una renovaci\u00f3n de sus pr\u00e1cticas. Nos mantenemos informados sobre las investigaciones recientes, las nuevas formas de liderazgo, y las corrientes sociol\u00f3gicas, tecnol\u00f3gicas y econ\u00f3micas para integrarlas en cada intervenci\u00f3n. Invertimos en periodos prolongados, dedic\u00e1ndonos al desarrollo de nuestros conocimientos para proponer una perspectiva \u00fanica a nuestros clientes.<\/span><\/p>\n<p class=\"p1\" style=\"text-align: justify;\"><span class=\"s1\">Nos inspiramos en las \u00faltimas innovaciones en el terreno, estructuramos programas y dispositivos a medida para acompa\u00f1ar a nuestros clientes en el desarrollo del rendimiento individual y colectivo. Seg\u00fan las necesidades de nuestros clientes, recurrimos a la postura del coach,<span class=\"Apple-converted-space\">\u00a0 <\/span>la del consultor, la del facilitador o la del experto.<\/span><\/p>\n<p class=\"p1\" style=\"text-align: justify;\"><span class=\"s1\">Privilegiamos el acompa\u00f1amiento a cargo de <a href=\"https:\/\/dev.oxygen-coaching.fr\/un-binome-de-superviseurs\/\">un binomio de profesionales<\/a>, un hombre y una mujer; se trata de una configuraci\u00f3n que permite a la vez una intervenci\u00f3n breve y de m\u00e1xima eficiencia. <\/span><\/p>\n<p class=\"p1\" style=\"text-align: justify;\"><span class=\"s1\">Nos reconocen por nuestra capacidad innovadora a la hora de aplicar las pr\u00e1cticas de coaching y por la diversidad de las intervenciones, tanto individuales como colectivas (acompa\u00f1amientos de equipos y creaci\u00f3n de seminarios a medida).<\/span><\/p>\n<\/div><\/div><\/div><\/div><\/div><\/div><\/div><\/section><section class=\"l-section wpb_row height_auto\"><div class=\"l-section-h i-cf\"><div class=\"g-cols vc_row via_flex valign_top type_default stacking_default\"><div class=\"vc_col-sm-12 wpb_column vc_column_container\"><div class=\"vc_column-inner\"><div class=\"wpb_wrapper\"><div class=\"wpb_text_column\"><div class=\"wpb_wrapper\"><\/div><\/div><\/div><\/div><\/div><\/div><\/div><\/section><!-- Row Backgrounds --><div class=\"upb_bg_img\" data-ultimate-bg=\"url(https:\/\/dev.oxygen-coaching.fr\/wp-content\/uploads\/Oxygen-AV-34.jpg)\" data-image-id=\"1298|http:\/\/prod.oxygen-coaching.fr\/wp-content\/uploads\/Oxygen-AV-34.jpg\" data-ultimate-bg-style=\"vcpb-vz-jquery\" data-bg-img-repeat=\"repeat\" data-bg-img-size=\"cover\" data-bg-img-position=\"\" data-parallx_sense=\"100\" data-bg-override=\"0\" data-bg_img_attach=\"scroll\" data-upb-overlay-color=\"\" data-upb-bg-animation=\"\" data-fadeout=\"\" data-bg-animation=\"left-animation\" data-bg-animation-type=\"h\" data-animation-repeat=\"repeat\" data-fadeout-percentage=\"30\" data-parallax-content=\"\" data-parallax-content-sense=\"30\" data-row-effect-mobile-disable=\"true\" data-img-parallax-mobile-disable=\"false\" data-rtl=\"false\"  data-custom-vc-row=\"\"  data-vc=\"8.6.1\"  data-is_old_vc=\"\"  data-theme-support=\"\"   data-overlay=\"false\" data-overlay-color=\"\" data-overlay-pattern=\"\" data-overlay-pattern-opacity=\"\" data-overlay-pattern-size=\"\"    ><\/div><section class=\"l-section wpb_row height_auto\"><div class=\"l-section-h i-cf\"><div class=\"g-cols vc_row via_flex valign_top type_default stacking_default\"><div class=\"vc_col-sm-12 wpb_column vc_column_container\"><div class=\"vc_column-inner\"><div class=\"wpb_wrapper\"><div class=\"wpb_text_column\"><div class=\"wpb_wrapper\"><h3 class=\"p1\" style=\"text-align: justify;\"><span class=\"s1\">Deontolog\u00eda <\/span><\/h3>\n<p class=\"p1\" style=\"text-align: justify;\"><span class=\"s1\"><strong>Oxygen Coaching<\/strong> adhiere al <a href=\"https:\/\/coachfederation.org\/code-of-ethics\">c\u00f3digo de deontolog\u00eda de la Confederaci\u00f3n Internacional de Coachs (ICF)<\/a>, as\u00ed como a los <a href=\"https:\/\/www.emccouncil.org\/quality\/ethics\/\">principios de la Asociaci\u00f3n Europea de Coaching (EMCC)<\/a>.<\/span><\/p>\n<p class=\"p1\" style=\"text-align: justify;\"><span class=\"s1\">Estos c\u00f3digos establecen referencias deontol\u00f3gicas, teniendo en cuenta las especificidades del coaching como proceso de acompa\u00f1amiento de una persona en su vida profesional. Se trata del resultado de una reflexi\u00f3n \u00e9tica.<\/span><\/p>\n<p class=\"p1\" style=\"text-align: justify;\"><span class=\"s1\">Se establece con el cliente un contrato escrito que retoma y formaliza dichos elementos e incluye como m\u00ednimo:<\/span><\/p>\n<ul class=\"ul1\" style=\"text-align: justify;\">\n<li class=\"li1\"><span class=\"s1\">Un resumen de los c\u00f3digos de deontolog\u00eda; <\/span><\/li>\n<li class=\"li1\"><span class=\"s1\">La frecuencia, la duraci\u00f3n y el lugar donde se realizan las sesiones; <\/span><\/li>\n<li class=\"li1\"><span class=\"s1\">Los honorarios del coach.<\/span><\/li>\n<\/ul>\n<p class=\"p1\" style=\"text-align: justify;\"><span class=\"s1\">El contrato es personalizado y se acuerda entre ambas partes durante la primera sesi\u00f3n.<\/span><\/p>\n<\/div><\/div><\/div><\/div><\/div><\/div><\/div><\/section>\n","protected":false},"excerpt":{"rendered":"El estilo Oxygen. Estamos seguros de que es posible conciliar rendimiento y respeto entre las personas. El inter\u00e9s de los clientes es superior al nuestro, sin que por ello debamos decir que \u201cs\u00ed\u201d a todo lo que nos piden. Somos exigentes con nosotros mismos y con nuestros clientes. Actuamos de manera profesional. Respetamos la cultura...","protected":false},"author":1,"featured_media":0,"parent":0,"menu_order":0,"comment_status":"closed","ping_status":"closed","template":"","meta":{"_monsterinsights_skip_tracking":false,"_monsterinsights_sitenote_active":false,"_monsterinsights_sitenote_note":"","_monsterinsights_sitenote_category":0,"footnotes":""},"class_list":["post-4612","page","type-page","status-publish","hentry"],"yoast_head":"<!-- This site is optimized with the Yoast SEO plugin v25.8 - https:\/\/yoast.com\/wordpress\/plugins\/seo\/ -->\n<title>Nuestro estilo &#8226; Oxygen Coaching<\/title>\n<meta name=\"robots\" content=\"index, follow, max-snippet:-1, max-image-preview:large, max-video-preview:-1\" \/>\n<link rel=\"canonical\" href=\"https:\/\/dev.oxygen-coaching.fr\/es\/nuestro-estilo\/\" \/>\n<meta property=\"og:locale\" content=\"es_ES\" \/>\n<meta property=\"og:type\" content=\"article\" \/>\n<meta property=\"og:title\" content=\"Nuestro estilo &#8226; Oxygen Coaching\" \/>\n<meta property=\"og:url\" content=\"https:\/\/dev.oxygen-coaching.fr\/es\/nuestro-estilo\/\" \/>\n<meta property=\"og:site_name\" content=\"Oxygen Coaching\" \/>\n<meta property=\"article:publisher\" content=\"https:\/\/fr-fr.facebook.com\/oxygencoachingfrance\/\" \/>\n<meta property=\"article:modified_time\" content=\"2023-07-04T16:16:43+00:00\" \/>\n<meta name=\"twitter:card\" content=\"summary_large_image\" \/>\n<meta name=\"twitter:label1\" content=\"Tiempo de lectura\" \/>\n\t<meta name=\"twitter:data1\" content=\"4 minutos\" \/>\n<script type=\"application\/ld+json\" class=\"yoast-schema-graph\">{\"@context\":\"https:\/\/schema.org\",\"@graph\":[{\"@type\":\"WebPage\",\"@id\":\"https:\/\/dev.oxygen-coaching.fr\/es\/nuestro-estilo\/\",\"url\":\"https:\/\/dev.oxygen-coaching.fr\/es\/nuestro-estilo\/\",\"name\":\"Nuestro estilo &#8226; Oxygen Coaching\",\"isPartOf\":{\"@id\":\"https:\/\/dev.oxygen-coaching.fr\/#website\"},\"datePublished\":\"2015-05-14T07:30:37+00:00\",\"dateModified\":\"2023-07-04T16:16:43+00:00\",\"breadcrumb\":{\"@id\":\"https:\/\/dev.oxygen-coaching.fr\/es\/nuestro-estilo\/#breadcrumb\"},\"inLanguage\":\"es\",\"potentialAction\":[{\"@type\":\"ReadAction\",\"target\":[\"https:\/\/dev.oxygen-coaching.fr\/es\/nuestro-estilo\/\"]}]},{\"@type\":\"BreadcrumbList\",\"@id\":\"https:\/\/dev.oxygen-coaching.fr\/es\/nuestro-estilo\/#breadcrumb\",\"itemListElement\":[{\"@type\":\"ListItem\",\"position\":1,\"name\":\"Accueil\",\"item\":\"https:\/\/dev.oxygen-coaching.fr\/es\/\"},{\"@type\":\"ListItem\",\"position\":2,\"name\":\"Nuestro estilo\"}]},{\"@type\":\"WebSite\",\"@id\":\"https:\/\/dev.oxygen-coaching.fr\/#website\",\"url\":\"https:\/\/dev.oxygen-coaching.fr\/\",\"name\":\"Oxygen Coaching\",\"description\":\"Catalyseur de r\u00e9ussite\",\"publisher\":{\"@id\":\"https:\/\/dev.oxygen-coaching.fr\/#organization\"},\"potentialAction\":[{\"@type\":\"SearchAction\",\"target\":{\"@type\":\"EntryPoint\",\"urlTemplate\":\"https:\/\/dev.oxygen-coaching.fr\/?s={search_term_string}\"},\"query-input\":{\"@type\":\"PropertyValueSpecification\",\"valueRequired\":true,\"valueName\":\"search_term_string\"}}],\"inLanguage\":\"es\"},{\"@type\":\"Organization\",\"@id\":\"https:\/\/dev.oxygen-coaching.fr\/#organization\",\"name\":\"Oxygen Coaching\",\"url\":\"https:\/\/dev.oxygen-coaching.fr\/\",\"logo\":{\"@type\":\"ImageObject\",\"inLanguage\":\"es\",\"@id\":\"https:\/\/dev.oxygen-coaching.fr\/#\/schema\/logo\/image\/\",\"url\":\"https:\/\/dev.oxygen-coaching.fr\/wp-content\/uploads\/logoRVBbassedf_logoseul1-1-1-e1603375273590-1.png\",\"contentUrl\":\"https:\/\/dev.oxygen-coaching.fr\/wp-content\/uploads\/logoRVBbassedf_logoseul1-1-1-e1603375273590-1.png\",\"width\":322,\"height\":192,\"caption\":\"Oxygen Coaching\"},\"image\":{\"@id\":\"https:\/\/dev.oxygen-coaching.fr\/#\/schema\/logo\/image\/\"},\"sameAs\":[\"https:\/\/fr-fr.facebook.com\/oxygencoachingfrance\/\",\"https:\/\/fr.linkedin.com\/in\/c\u00e9line-g\u00e9ara-thomas-0aa2bb\"]}]}<\/script>\n<!-- \/ Yoast SEO plugin. -->","yoast_head_json":{"title":"Nuestro estilo &#8226; Oxygen Coaching","robots":{"index":"index","follow":"follow","max-snippet":"max-snippet:-1","max-image-preview":"max-image-preview:large","max-video-preview":"max-video-preview:-1"},"canonical":"https:\/\/dev.oxygen-coaching.fr\/es\/nuestro-estilo\/","og_locale":"es_ES","og_type":"article","og_title":"Nuestro estilo &#8226; Oxygen Coaching","og_url":"https:\/\/dev.oxygen-coaching.fr\/es\/nuestro-estilo\/","og_site_name":"Oxygen Coaching","article_publisher":"https:\/\/fr-fr.facebook.com\/oxygencoachingfrance\/","article_modified_time":"2023-07-04T16:16:43+00:00","twitter_card":"summary_large_image","twitter_misc":{"Tiempo de lectura":"4 minutos"},"schema":{"@context":"https:\/\/schema.org","@graph":[{"@type":"WebPage","@id":"https:\/\/dev.oxygen-coaching.fr\/es\/nuestro-estilo\/","url":"https:\/\/dev.oxygen-coaching.fr\/es\/nuestro-estilo\/","name":"Nuestro estilo &#8226; Oxygen Coaching","isPartOf":{"@id":"https:\/\/dev.oxygen-coaching.fr\/#website"},"datePublished":"2015-05-14T07:30:37+00:00","dateModified":"2023-07-04T16:16:43+00:00","breadcrumb":{"@id":"https:\/\/dev.oxygen-coaching.fr\/es\/nuestro-estilo\/#breadcrumb"},"inLanguage":"es","potentialAction":[{"@type":"ReadAction","target":["https:\/\/dev.oxygen-coaching.fr\/es\/nuestro-estilo\/"]}]},{"@type":"BreadcrumbList","@id":"https:\/\/dev.oxygen-coaching.fr\/es\/nuestro-estilo\/#breadcrumb","itemListElement":[{"@type":"ListItem","position":1,"name":"Accueil","item":"https:\/\/dev.oxygen-coaching.fr\/es\/"},{"@type":"ListItem","position":2,"name":"Nuestro estilo"}]},{"@type":"WebSite","@id":"https:\/\/dev.oxygen-coaching.fr\/#website","url":"https:\/\/dev.oxygen-coaching.fr\/","name":"Oxygen Coaching","description":"Catalyseur de r\u00e9ussite","publisher":{"@id":"https:\/\/dev.oxygen-coaching.fr\/#organization"},"potentialAction":[{"@type":"SearchAction","target":{"@type":"EntryPoint","urlTemplate":"https:\/\/dev.oxygen-coaching.fr\/?s={search_term_string}"},"query-input":{"@type":"PropertyValueSpecification","valueRequired":true,"valueName":"search_term_string"}}],"inLanguage":"es"},{"@type":"Organization","@id":"https:\/\/dev.oxygen-coaching.fr\/#organization","name":"Oxygen Coaching","url":"https:\/\/dev.oxygen-coaching.fr\/","logo":{"@type":"ImageObject","inLanguage":"es","@id":"https:\/\/dev.oxygen-coaching.fr\/#\/schema\/logo\/image\/","url":"https:\/\/dev.oxygen-coaching.fr\/wp-content\/uploads\/logoRVBbassedf_logoseul1-1-1-e1603375273590-1.png","contentUrl":"https:\/\/dev.oxygen-coaching.fr\/wp-content\/uploads\/logoRVBbassedf_logoseul1-1-1-e1603375273590-1.png","width":322,"height":192,"caption":"Oxygen Coaching"},"image":{"@id":"https:\/\/dev.oxygen-coaching.fr\/#\/schema\/logo\/image\/"},"sameAs":["https:\/\/fr-fr.facebook.com\/oxygencoachingfrance\/","https:\/\/fr.linkedin.com\/in\/c\u00e9line-g\u00e9ara-thomas-0aa2bb"]}]}},"_links":{"self":[{"href":"https:\/\/dev.oxygen-coaching.fr\/es\/wp-json\/wp\/v2\/pages\/4612","targetHints":{"allow":["GET"]}}],"collection":[{"href":"https:\/\/dev.oxygen-coaching.fr\/es\/wp-json\/wp\/v2\/pages"}],"about":[{"href":"https:\/\/dev.oxygen-coaching.fr\/es\/wp-json\/wp\/v2\/types\/page"}],"author":[{"embeddable":true,"href":"https:\/\/dev.oxygen-coaching.fr\/es\/wp-json\/wp\/v2\/users\/1"}],"replies":[{"embeddable":true,"href":"https:\/\/dev.oxygen-coaching.fr\/es\/wp-json\/wp\/v2\/comments?post=4612"}],"version-history":[{"count":4,"href":"https:\/\/dev.oxygen-coaching.fr\/es\/wp-json\/wp\/v2\/pages\/4612\/revisions"}],"predecessor-version":[{"id":13447,"href":"https:\/\/dev.oxygen-coaching.fr\/es\/wp-json\/wp\/v2\/pages\/4612\/revisions\/13447"}],"wp:attachment":[{"href":"https:\/\/dev.oxygen-coaching.fr\/es\/wp-json\/wp\/v2\/media?parent=4612"}],"curies":[{"name":"wp","href":"https:\/\/api.w.org\/{rel}","templated":true}]}}