{"id":4609,"date":"2015-05-14T08:28:11","date_gmt":"2015-05-14T07:28:11","guid":{"rendered":"http:\/\/dev.oxygen-coaching.fr\/mediacion\/"},"modified":"2023-03-03T15:07:39","modified_gmt":"2023-03-03T14:07:39","slug":"mediacion","status":"publish","type":"page","link":"https:\/\/dev.oxygen-coaching.fr\/es\/mediacion\/","title":{"rendered":"Mediaci\u00f3n"},"content":{"rendered":"<section class=\"l-section wpb_row height_auto\"><div class=\"l-section-h i-cf\"><div class=\"g-cols vc_row via_flex valign_top type_default stacking_default\"><div class=\"vc_col-sm-8 wpb_column vc_column_container\"><div class=\"vc_column-inner\"><div class=\"wpb_wrapper\"><div class=\"wpb_text_column\"><div class=\"wpb_wrapper\"><h2 class=\"p1\" style=\"text-align: justify;\"><span class=\"s1\" style=\"font-size: 12pt; color: #333333;\">La mediaci\u00f3n es una intervenci\u00f3n que consiste en reestablecer una l\u00f3gica de colaboraci\u00f3n eficaz entre dos individuos, entre una persona y una instancia o entre dos instancias. <\/span><\/h2>\n<p class=\"p1\" style=\"text-align: justify;\"><span class=\"s1\">Se trata de superar metas: &#8220;restablecer el dialogo&#8221; o &#8220;poner en marcha una estrategia ganador\/ganador&#8221;. Lo que caracteriza esta intervenci\u00f3n y la hace necesaria es la redundancia de las mismas secuencias interactivas generadoras de sufrimiento. Toda mediaci\u00f3n surge en una situaci\u00f3n de crisis. Este tipo de trabajo supone la capacidad de generar emociones, a veces violentas.<\/span><\/p>\n<\/div><\/div><div class=\"wpb_text_column\"><div class=\"wpb_wrapper\"><p class=\"p1\" style=\"text-align: justify;\"><span class=\"s1\">Antes y durante la intervenci\u00f3n, el mediador debe tener presentes tres preguntas que servir\u00e1n de hilo conductor y que asegurar\u00e1n, en el mejor de los casos, la pertinencia de la intervenci\u00f3n:<\/span><\/p>\n<ol class=\"ul1\">\n<li class=\"li1\" style=\"text-align: justify;\"><span class=\"s1\">\u00bfPara qu\u00e9 sirve la imposibilidad aparente de colaborar? Esto supone un an\u00e1lisis sist\u00e9mico de la situaci\u00f3n en cuesti\u00f3n.<\/span><\/li>\n<li class=\"li1\" style=\"text-align: justify;\"><span class=\"s1\">\u00bfC\u00f3mo hacen para no colaborar de manera eficaz? (Aqu\u00ed es insoslayable el hecho de situarse en las l\u00f3gicas parad\u00f3jicas).<\/span><\/li>\n<li class=\"li1\" style=\"text-align: justify;\"><span class=\"s1\">\u00bfC\u00f3mo me van a utilizar para no lograrlo? Esta cuesti\u00f3n obliga al que interviene a saber ser a la vez actor y espectador de su relaci\u00f3n con los protagonistas.<\/span><\/li>\n<\/ol>\n<\/div><\/div><div class=\"w-separator size_custom with_line width_default thick_1 style_solid color_border align_center\" style=\"height:10px\"><div class=\"w-separator-h\"><\/div><\/div><div class=\"wpb_text_column\"><div class=\"wpb_wrapper\"><p style=\"text-align: center;\"><a href=\"https:\/\/dev.oxygen-coaching.fr\/wp-content\/uploads\/fiches-EN-BD-7-mediation.pdf\" target=\"_blank\" rel=\"noopener\">Descarga la ficha del producto<\/a><\/p>\n<\/div><\/div><div class=\"w-separator size_custom with_line width_default thick_1 style_solid color_border align_center\" style=\"height:10px\"><div class=\"w-separator-h\"><\/div><\/div><\/div><\/div><\/div><div class=\"vc_col-sm-4 wpb_column vc_column_container\"><div class=\"vc_column-inner\"><div class=\"wpb_wrapper\"><div class=\"w-image us_custom_a833bf3c align_none\"><div class=\"w-image-h\"><img decoding=\"async\" width=\"1024\" height=\"543\" src=\"https:\/\/dev.oxygen-coaching.fr\/wp-content\/uploads\/AV-Oxygen-28-M\u00e9diation-pas-floue-1024x543.jpg\" class=\"attachment-large size-large\" alt=\"\" loading=\"lazy\" srcset=\"https:\/\/dev.oxygen-coaching.fr\/wp-content\/uploads\/AV-Oxygen-28-M\u00e9diation-pas-floue-1024x543.jpg 1024w, https:\/\/dev.oxygen-coaching.fr\/wp-content\/uploads\/AV-Oxygen-28-M\u00e9diation-pas-floue-300x159.jpg 300w, https:\/\/dev.oxygen-coaching.fr\/wp-content\/uploads\/AV-Oxygen-28-M\u00e9diation-pas-floue-600x318.jpg 600w, https:\/\/dev.oxygen-coaching.fr\/wp-content\/uploads\/AV-Oxygen-28-M\u00e9diation-pas-floue.jpg 1920w\" sizes=\"auto, (max-width: 1024px) 100vw, 1024px\" \/><\/div><\/div><div class=\"w-image align_none\"><div class=\"w-image-h\"><img decoding=\"async\" width=\"1024\" height=\"605\" src=\"https:\/\/dev.oxygen-coaching.fr\/wp-content\/uploads\/AV-Oxygen-29-M\u00e9diation-pas-floue-1024x605.jpg\" class=\"attachment-large size-large\" alt=\"\" loading=\"lazy\" srcset=\"https:\/\/dev.oxygen-coaching.fr\/wp-content\/uploads\/AV-Oxygen-29-M\u00e9diation-pas-floue-1024x605.jpg 1024w, https:\/\/dev.oxygen-coaching.fr\/wp-content\/uploads\/AV-Oxygen-29-M\u00e9diation-pas-floue-300x177.jpg 300w, https:\/\/dev.oxygen-coaching.fr\/wp-content\/uploads\/AV-Oxygen-29-M\u00e9diation-pas-floue-600x354.jpg 600w, https:\/\/dev.oxygen-coaching.fr\/wp-content\/uploads\/AV-Oxygen-29-M\u00e9diation-pas-floue.jpg 1920w\" sizes=\"auto, (max-width: 1024px) 100vw, 1024px\" \/><\/div><\/div><\/div><\/div><\/div><\/div><\/div><\/section>\n","protected":false},"excerpt":{"rendered":"La mediaci\u00f3n es una intervenci\u00f3n que consiste en reestablecer una l\u00f3gica de colaboraci\u00f3n eficaz entre dos individuos, entre una persona y una instancia o entre dos instancias. Se trata de superar metas: &#8220;restablecer el dialogo&#8221; o &#8220;poner en marcha una estrategia ganador\/ganador&#8221;. Lo que caracteriza esta intervenci\u00f3n y la hace necesaria es la redundancia de...","protected":false},"author":1,"featured_media":0,"parent":0,"menu_order":0,"comment_status":"closed","ping_status":"closed","template":"","meta":{"_monsterinsights_skip_tracking":false,"_monsterinsights_sitenote_active":false,"_monsterinsights_sitenote_note":"","_monsterinsights_sitenote_category":0,"footnotes":""},"class_list":["post-4609","page","type-page","status-publish","hentry"],"yoast_head":"<!-- This site is optimized with the Yoast SEO plugin v25.8 - https:\/\/yoast.com\/wordpress\/plugins\/seo\/ -->\n<title>Mediaci\u00f3n &#8226; Oxygen Coaching<\/title>\n<meta name=\"robots\" content=\"index, follow, max-snippet:-1, max-image-preview:large, max-video-preview:-1\" \/>\n<link rel=\"canonical\" href=\"https:\/\/dev.oxygen-coaching.fr\/es\/la-mediation\/\" \/>\n<meta property=\"og:locale\" content=\"es_ES\" \/>\n<meta property=\"og:type\" content=\"article\" \/>\n<meta property=\"og:title\" content=\"Mediaci\u00f3n &#8226; Oxygen Coaching\" \/>\n<meta property=\"og:url\" content=\"https:\/\/dev.oxygen-coaching.fr\/la-mediation\/\" \/>\n<meta property=\"og:site_name\" content=\"Oxygen Coaching\" \/>\n<meta property=\"article:publisher\" content=\"https:\/\/fr-fr.facebook.com\/oxygencoachingfrance\/\" \/>\n<meta property=\"article:modified_time\" content=\"2023-03-03T14:07:39+00:00\" \/>\n<meta name=\"twitter:card\" content=\"summary_large_image\" \/>\n<meta name=\"twitter:label1\" content=\"Tiempo de lectura\" \/>\n\t<meta name=\"twitter:data1\" content=\"1 minuto\" \/>\n<script type=\"application\/ld+json\" class=\"yoast-schema-graph\">{\"@context\":\"https:\/\/schema.org\",\"@graph\":[{\"@type\":\"WebPage\",\"@id\":\"https:\/\/dev.oxygen-coaching.fr\/la-mediation\/\",\"url\":\"https:\/\/dev.oxygen-coaching.fr\/la-mediation\/\",\"name\":\"Mediaci\u00f3n &#8226; Oxygen Coaching\",\"isPartOf\":{\"@id\":\"https:\/\/dev.oxygen-coaching.fr\/#website\"},\"datePublished\":\"2015-05-14T07:28:11+00:00\",\"dateModified\":\"2023-03-03T14:07:39+00:00\",\"breadcrumb\":{\"@id\":\"https:\/\/dev.oxygen-coaching.fr\/la-mediation\/#breadcrumb\"},\"inLanguage\":\"es\",\"potentialAction\":[{\"@type\":\"ReadAction\",\"target\":[\"https:\/\/dev.oxygen-coaching.fr\/la-mediation\/\"]}]},{\"@type\":\"BreadcrumbList\",\"@id\":\"https:\/\/dev.oxygen-coaching.fr\/la-mediation\/#breadcrumb\",\"itemListElement\":[{\"@type\":\"ListItem\",\"position\":1,\"name\":\"Accueil\",\"item\":\"https:\/\/dev.oxygen-coaching.fr\/es\/\"},{\"@type\":\"ListItem\",\"position\":2,\"name\":\"Mediaci\u00f3n\"}]},{\"@type\":\"WebSite\",\"@id\":\"https:\/\/dev.oxygen-coaching.fr\/#website\",\"url\":\"https:\/\/dev.oxygen-coaching.fr\/\",\"name\":\"Oxygen Coaching\",\"description\":\"Catalyseur de r\u00e9ussite\",\"publisher\":{\"@id\":\"https:\/\/dev.oxygen-coaching.fr\/#organization\"},\"potentialAction\":[{\"@type\":\"SearchAction\",\"target\":{\"@type\":\"EntryPoint\",\"urlTemplate\":\"https:\/\/dev.oxygen-coaching.fr\/?s={search_term_string}\"},\"query-input\":{\"@type\":\"PropertyValueSpecification\",\"valueRequired\":true,\"valueName\":\"search_term_string\"}}],\"inLanguage\":\"es\"},{\"@type\":\"Organization\",\"@id\":\"https:\/\/dev.oxygen-coaching.fr\/#organization\",\"name\":\"Oxygen Coaching\",\"url\":\"https:\/\/dev.oxygen-coaching.fr\/\",\"logo\":{\"@type\":\"ImageObject\",\"inLanguage\":\"es\",\"@id\":\"https:\/\/dev.oxygen-coaching.fr\/#\/schema\/logo\/image\/\",\"url\":\"https:\/\/dev.oxygen-coaching.fr\/wp-content\/uploads\/logoRVBbassedf_logoseul1-1-1-e1603375273590-1.png\",\"contentUrl\":\"https:\/\/dev.oxygen-coaching.fr\/wp-content\/uploads\/logoRVBbassedf_logoseul1-1-1-e1603375273590-1.png\",\"width\":322,\"height\":192,\"caption\":\"Oxygen Coaching\"},\"image\":{\"@id\":\"https:\/\/dev.oxygen-coaching.fr\/#\/schema\/logo\/image\/\"},\"sameAs\":[\"https:\/\/fr-fr.facebook.com\/oxygencoachingfrance\/\",\"https:\/\/fr.linkedin.com\/in\/c\u00e9line-g\u00e9ara-thomas-0aa2bb\"]}]}<\/script>\n<!-- \/ Yoast SEO plugin. -->","yoast_head_json":{"title":"Mediaci\u00f3n &#8226; Oxygen Coaching","robots":{"index":"index","follow":"follow","max-snippet":"max-snippet:-1","max-image-preview":"max-image-preview:large","max-video-preview":"max-video-preview:-1"},"canonical":"https:\/\/dev.oxygen-coaching.fr\/es\/la-mediation\/","og_locale":"es_ES","og_type":"article","og_title":"Mediaci\u00f3n &#8226; Oxygen Coaching","og_url":"https:\/\/dev.oxygen-coaching.fr\/la-mediation\/","og_site_name":"Oxygen Coaching","article_publisher":"https:\/\/fr-fr.facebook.com\/oxygencoachingfrance\/","article_modified_time":"2023-03-03T14:07:39+00:00","twitter_card":"summary_large_image","twitter_misc":{"Tiempo de lectura":"1 minuto"},"schema":{"@context":"https:\/\/schema.org","@graph":[{"@type":"WebPage","@id":"https:\/\/dev.oxygen-coaching.fr\/la-mediation\/","url":"https:\/\/dev.oxygen-coaching.fr\/la-mediation\/","name":"Mediaci\u00f3n &#8226; Oxygen Coaching","isPartOf":{"@id":"https:\/\/dev.oxygen-coaching.fr\/#website"},"datePublished":"2015-05-14T07:28:11+00:00","dateModified":"2023-03-03T14:07:39+00:00","breadcrumb":{"@id":"https:\/\/dev.oxygen-coaching.fr\/la-mediation\/#breadcrumb"},"inLanguage":"es","potentialAction":[{"@type":"ReadAction","target":["https:\/\/dev.oxygen-coaching.fr\/la-mediation\/"]}]},{"@type":"BreadcrumbList","@id":"https:\/\/dev.oxygen-coaching.fr\/la-mediation\/#breadcrumb","itemListElement":[{"@type":"ListItem","position":1,"name":"Accueil","item":"https:\/\/dev.oxygen-coaching.fr\/es\/"},{"@type":"ListItem","position":2,"name":"Mediaci\u00f3n"}]},{"@type":"WebSite","@id":"https:\/\/dev.oxygen-coaching.fr\/#website","url":"https:\/\/dev.oxygen-coaching.fr\/","name":"Oxygen Coaching","description":"Catalyseur de r\u00e9ussite","publisher":{"@id":"https:\/\/dev.oxygen-coaching.fr\/#organization"},"potentialAction":[{"@type":"SearchAction","target":{"@type":"EntryPoint","urlTemplate":"https:\/\/dev.oxygen-coaching.fr\/?s={search_term_string}"},"query-input":{"@type":"PropertyValueSpecification","valueRequired":true,"valueName":"search_term_string"}}],"inLanguage":"es"},{"@type":"Organization","@id":"https:\/\/dev.oxygen-coaching.fr\/#organization","name":"Oxygen Coaching","url":"https:\/\/dev.oxygen-coaching.fr\/","logo":{"@type":"ImageObject","inLanguage":"es","@id":"https:\/\/dev.oxygen-coaching.fr\/#\/schema\/logo\/image\/","url":"https:\/\/dev.oxygen-coaching.fr\/wp-content\/uploads\/logoRVBbassedf_logoseul1-1-1-e1603375273590-1.png","contentUrl":"https:\/\/dev.oxygen-coaching.fr\/wp-content\/uploads\/logoRVBbassedf_logoseul1-1-1-e1603375273590-1.png","width":322,"height":192,"caption":"Oxygen Coaching"},"image":{"@id":"https:\/\/dev.oxygen-coaching.fr\/#\/schema\/logo\/image\/"},"sameAs":["https:\/\/fr-fr.facebook.com\/oxygencoachingfrance\/","https:\/\/fr.linkedin.com\/in\/c\u00e9line-g\u00e9ara-thomas-0aa2bb"]}]}},"_links":{"self":[{"href":"https:\/\/dev.oxygen-coaching.fr\/es\/wp-json\/wp\/v2\/pages\/4609","targetHints":{"allow":["GET"]}}],"collection":[{"href":"https:\/\/dev.oxygen-coaching.fr\/es\/wp-json\/wp\/v2\/pages"}],"about":[{"href":"https:\/\/dev.oxygen-coaching.fr\/es\/wp-json\/wp\/v2\/types\/page"}],"author":[{"embeddable":true,"href":"https:\/\/dev.oxygen-coaching.fr\/es\/wp-json\/wp\/v2\/users\/1"}],"replies":[{"embeddable":true,"href":"https:\/\/dev.oxygen-coaching.fr\/es\/wp-json\/wp\/v2\/comments?post=4609"}],"version-history":[{"count":32,"href":"https:\/\/dev.oxygen-coaching.fr\/es\/wp-json\/wp\/v2\/pages\/4609\/revisions"}],"predecessor-version":[{"id":11984,"href":"https:\/\/dev.oxygen-coaching.fr\/es\/wp-json\/wp\/v2\/pages\/4609\/revisions\/11984"}],"wp:attachment":[{"href":"https:\/\/dev.oxygen-coaching.fr\/es\/wp-json\/wp\/v2\/media?parent=4609"}],"curies":[{"name":"wp","href":"https:\/\/api.w.org\/{rel}","templated":true}]}}