{"id":4606,"date":"2015-05-14T08:26:51","date_gmt":"2015-05-14T07:26:51","guid":{"rendered":"http:\/\/dev.oxygen-coaching.fr\/coaching-de-equipos-de-direccion\/"},"modified":"2023-03-03T15:05:06","modified_gmt":"2023-03-03T14:05:06","slug":"coaching-de-equipos-de-direccion","status":"publish","type":"page","link":"https:\/\/dev.oxygen-coaching.fr\/es\/coaching-de-equipos-de-direccion\/","title":{"rendered":"Coaching de equipos de direcci\u00f3n"},"content":{"rendered":"<section class=\"l-section wpb_row height_auto\"><div class=\"l-section-h i-cf\"><div class=\"g-cols vc_row via_flex valign_top type_default stacking_default\"><div class=\"vc_col-sm-12 wpb_column vc_column_container\"><div class=\"vc_column-inner\"><div class=\"wpb_wrapper\"><div class=\"wpb_text_column\"><div class=\"wpb_wrapper\"><p class=\"p1\" style=\"text-align: justify;\"><span class=\"s1\" style=\"font-size: 12pt; color: #333333;\">El <strong>coaching de equipo<\/strong> se diferencia esencialmente de las acciones de cohesi\u00f3n o dinamizaci\u00f3n de un equipo, como es el caso del <i>team building<\/i> o <i>team development<\/i>.<\/span><\/p>\n<p class=\"p1\" style=\"text-align: justify;\"><span class=\"s1\" style=\"font-size: 12pt; color: #006481;\">Se trata de acompa\u00f1ar a un equipo a lo largo de varios meses con el objetivo de:<\/span><\/p>\n<ul class=\"ul1\" style=\"text-align: justify;\">\n<li class=\"li1\"><span class=\"s1\">Ayudarle a <strong>optimizar los procesos y los modos de funcionamiento colectivos<\/strong> de la difusi\u00f3n de la informaci\u00f3n, las decisiones y la acci\u00f3n<\/span><\/li>\n<li class=\"li1\"><span class=\"s1\"><strong>Desarrollar la madurez del equipo<\/strong> acelerando su evoluci\u00f3n<\/span><\/li>\n<li class=\"li1\"><span class=\"s1\"><strong>Aumentar el desempe\u00f1o colectivo a largo plazo<\/strong> midiendo los avances realizados y los resultados obtenidos<\/span><\/li>\n<\/ul>\n<p class=\"p1\" style=\"text-align: justify;\"><span class=\"s1\" style=\"color: #424242;\"><span style=\"font-size: 12pt;\">En un contexto de cambio, crisis o transici\u00f3n, el coaching de equipos permite redefinir su visi\u00f3n, su gobernanza o su capacidad de cooperaci\u00f3n y transformaci\u00f3n.<\/span> <\/span><\/p>\n<\/div><\/div><div class=\"w-separator size_small with_line width_default thick_1 style_solid color_border align_center\"><div class=\"w-separator-h\"><\/div><\/div><div class=\"wpb_text_column\"><div class=\"wpb_wrapper\"><p style=\"text-align: center;\"><a href=\"https:\/\/dev.oxygen-coaching.fr\/wp-content\/uploads\/fiches-EN-BD-5-team-coaching.pdf\" target=\"_blank\" rel=\"noopener\">Descargar la ficha t\u00e9cnica<\/a><\/p>\n<\/div><\/div><\/div><\/div><\/div><\/div><\/div><\/section><section class=\"l-section wpb_row height_auto\"><div class=\"l-section-h i-cf\"><div class=\"g-cols vc_row via_flex valign_top type_default stacking_default\"><div class=\"vc_col-sm-12 wpb_column vc_column_container\"><div class=\"vc_column-inner\"><div class=\"wpb_wrapper\"><div class=\"wpb_text_column\"><div class=\"wpb_wrapper\"><\/div><\/div><\/div><\/div><\/div><\/div><\/div><\/section><!-- Row Backgrounds --><div class=\"upb_bg_img\" data-ultimate-bg=\"url(https:\/\/dev.oxygen-coaching.fr\/wp-content\/uploads\/Coaching-equipe-AV-Oxygen-6764.jpg)\" data-image-id=\"1003|http:\/\/prod.oxygen-coaching.fr\/wp-content\/uploads\/Coaching-equipe-AV-Oxygen-6764.jpg\" data-ultimate-bg-style=\"vcpb-vz-jquery\" data-bg-img-repeat=\"repeat\" data-bg-img-size=\"cover\" data-bg-img-position=\"\" data-parallx_sense=\"30\" data-bg-override=\"0\" data-bg_img_attach=\"scroll\" data-upb-overlay-color=\"\" data-upb-bg-animation=\"\" data-fadeout=\"\" data-bg-animation=\"left-animation\" data-bg-animation-type=\"h\" data-animation-repeat=\"repeat\" data-fadeout-percentage=\"30\" data-parallax-content=\"\" data-parallax-content-sense=\"30\" data-row-effect-mobile-disable=\"true\" data-img-parallax-mobile-disable=\"false\" data-rtl=\"false\"  data-custom-vc-row=\"\"  data-vc=\"8.6.1\"  data-is_old_vc=\"\"  data-theme-support=\"\"   data-overlay=\"false\" data-overlay-color=\"\" data-overlay-pattern=\"\" data-overlay-pattern-opacity=\"\" data-overlay-pattern-size=\"\"    ><\/div><section class=\"l-section wpb_row height_auto\"><div class=\"l-section-h i-cf\"><div class=\"g-cols vc_row via_flex valign_top type_default stacking_default\"><div class=\"vc_col-sm-12 wpb_column vc_column_container\"><div class=\"vc_column-inner\"><div class=\"wpb_wrapper\"><div class=\"wpb_text_column\"><div class=\"wpb_wrapper\"><h3 class=\"p1\" style=\"text-align: justify;\"><span class=\"s1\" style=\"color: #333333;\"><span style=\"font-size: 12pt;\">El coaching de equipo ofrece resultados particularmente \u00f3ptimos en el acompa\u00f1amiento del cambio, para los equipos de direcci\u00f3n, los equipos de proyecto y los equipos pluridisciplinarios o multiculturales.<\/span> <\/span><\/h3>\n<p class=\"p1\" style=\"text-align: justify;\"><span class=\"s1\" style=\"font-size: 12pt; color: #006481;\">Resulta de gran eficacia en los siguientes temas:<\/span><\/p>\n<ul class=\"ul1\">\n<li class=\"li2\" style=\"text-align: justify;\"><span class=\"s1\">Desarrollo de una estrategia e implementaci\u00f3n operativa en equipos<\/span><\/li>\n<li class=\"li2\" style=\"text-align: justify;\"><span class=\"s1\">Desarrollo de la madurez del equipo sobre la forma de trabajar, decidir, interactuar y gestionar las crisis <\/span><\/li>\n<li class=\"li2\" style=\"text-align: justify;\"><span class=\"s1\">Mejora de los m\u00e9todos de trabajo <\/span><\/li>\n<li class=\"li2\" style=\"text-align: justify;\"><span class=\"s1\">Postura frente a una crisis o un gran elemento perturbador (fusi\u00f3n, adquisici\u00f3n o planes sociales)<\/span><\/li>\n<li class=\"li2\" style=\"text-align: justify;\"><span class=\"s1\">Evoluci\u00f3n de la cultura de la empresa <\/span><\/li>\n<li class=\"li2\" style=\"text-align: justify;\"><span class=\"s1\">Integraci\u00f3n y gesti\u00f3n de las dimensiones interculturales <\/span><\/li>\n<li class=\"li2\" style=\"text-align: justify;\"><span class=\"s1\">Garant\u00eda de la sostenibilidad de los cambios operativos implementados <\/span><\/li>\n<li class=\"li2\" style=\"text-align: justify;\"><span class=\"s1\">Elaboraci\u00f3n de un plan de trabajo correcto, con indicadores de rendimiento <\/span><\/li>\n<li class=\"li2\" style=\"text-align: justify;\"><span class=\"s1\">Gesti\u00f3n de conflictos entre los miembros del equipo y\/o los integrantes del comit\u00e9 de direcci\u00f3n<\/span><\/li>\n<\/ul>\n<\/div><\/div><\/div><\/div><\/div><\/div><\/div><\/section><section class=\"l-section wpb_row height_auto\"><div class=\"l-section-h i-cf\"><div class=\"g-cols vc_row via_flex valign_top type_default stacking_default\"><div class=\"vc_col-sm-12 wpb_column vc_column_container\"><div class=\"vc_column-inner\"><div class=\"wpb_wrapper\"><div class=\"wpb_text_column\"><div class=\"wpb_wrapper\"><\/div><\/div><\/div><\/div><\/div><\/div><\/div><\/section><!-- Row Backgrounds --><div class=\"upb_bg_img\" data-ultimate-bg=\"url(https:\/\/dev.oxygen-coaching.fr\/wp-content\/uploads\/Coaching-equipe-AV-Oxygen-6764.jpg)\" data-image-id=\"1003|http:\/\/prod.oxygen-coaching.fr\/wp-content\/uploads\/Coaching-equipe-AV-Oxygen-6764.jpg\" data-ultimate-bg-style=\"vcpb-vz-jquery\" data-bg-img-repeat=\"repeat\" data-bg-img-size=\"cover\" data-bg-img-position=\"\" data-parallx_sense=\"30\" data-bg-override=\"0\" data-bg_img_attach=\"scroll\" data-upb-overlay-color=\"\" data-upb-bg-animation=\"\" data-fadeout=\"\" data-bg-animation=\"left-animation\" data-bg-animation-type=\"h\" data-animation-repeat=\"repeat\" data-fadeout-percentage=\"30\" data-parallax-content=\"\" data-parallax-content-sense=\"30\" data-row-effect-mobile-disable=\"true\" data-img-parallax-mobile-disable=\"false\" data-rtl=\"false\"  data-custom-vc-row=\"\"  data-vc=\"8.6.1\"  data-is_old_vc=\"\"  data-theme-support=\"\"   data-overlay=\"false\" data-overlay-color=\"\" data-overlay-pattern=\"\" data-overlay-pattern-opacity=\"\" data-overlay-pattern-size=\"\"    ><\/div><section class=\"l-section wpb_row height_auto\"><div class=\"l-section-h i-cf\"><div class=\"g-cols vc_row via_flex valign_top type_default stacking_default\"><div class=\"vc_col-sm-12 wpb_column vc_column_container\"><div class=\"vc_column-inner\"><div class=\"wpb_wrapper\"><div class=\"wpb_text_column\"><div class=\"wpb_wrapper\"><h3 style=\"text-align: justify;\">Modalidades<\/h3>\n<p class=\"p1\" style=\"text-align: justify;\"><span class=\"s1\">El dispositivo se construye junto con el cliente y se adapta a sus objetivos. A menudo, se organiza en torno al coaching de la reuni\u00f3n del comit\u00e9 de direcci\u00f3n y del seminario de trabajo con el equipo.\u00a0<\/span><span class=\"s1\">En ciertos casos, tambi\u00e9n se a\u00f1aden intervenciones individuales.<\/span><\/p>\n<p class=\"p1\" style=\"text-align: justify;\"><span class=\"s1\">En general, un <strong>coaching de equipo<\/strong> dura entre 6 y 18 meses. El periodo se caracteriza por las sesiones de trabajo con el coach, por ejemplo, dos d\u00edas cada seis o siete semanas, adem\u00e1s de la realizaci\u00f3n de talleres puntuales.<\/span><\/p>\n<ul class=\"ul1\" style=\"text-align: justify;\">\n<li class=\"li1\" style=\"text-align: justify;\"><span class=\"s2\">Encuentro con el l\u00edder, con el que solicita el servicio. Con nuestra ayuda, identifica las problem\u00e1ticas y determina los pasos a seguir. <\/span><\/li>\n<li class=\"li1\" style=\"text-align: justify;\"><span class=\"s2\">En funci\u00f3n de la necesidad del equipo, se realizan uno o dos seminarios de coaching de equipo.<\/span><\/li>\n<li class=\"li1\" style=\"text-align: justify;\"><span class=\"s2\">En nuestra presencia, el l\u00edder define claramente su postura en diversas secuencias; capacidad de direcci\u00f3n, apertura, apoyo. Presenta a sus colaboradores antes de cada secuencia.<\/span><\/li>\n<li class=\"li1\" style=\"text-align: justify;\"><span class=\"s2\">El l\u00edder, a veces junto con un coach, realiza un seguimiento de lo decidido.<\/span><\/li>\n<\/ul>\n<\/div><\/div><\/div><\/div><\/div><\/div><\/div><\/section>\n","protected":false},"excerpt":{"rendered":"El coaching de equipo se diferencia esencialmente de las acciones de cohesi\u00f3n o dinamizaci\u00f3n de un equipo, como es el caso del team building o team development. Se trata de acompa\u00f1ar a un equipo a lo largo de varios meses con el objetivo de: Ayudarle a optimizar los procesos y los modos de funcionamiento colectivos...","protected":false},"author":1,"featured_media":4705,"parent":0,"menu_order":0,"comment_status":"closed","ping_status":"closed","template":"","meta":{"_monsterinsights_skip_tracking":false,"_monsterinsights_sitenote_active":false,"_monsterinsights_sitenote_note":"","_monsterinsights_sitenote_category":0,"footnotes":""},"class_list":["post-4606","page","type-page","status-publish","has-post-thumbnail","hentry"],"yoast_head":"<!-- This site is optimized with the Yoast SEO plugin v25.8 - https:\/\/yoast.com\/wordpress\/plugins\/seo\/ -->\n<title>Coaching de equipos de direcci\u00f3n &#8226; Oxygen Coaching<\/title>\n<meta name=\"robots\" content=\"index, follow, max-snippet:-1, max-image-preview:large, max-video-preview:-1\" \/>\n<link rel=\"canonical\" href=\"https:\/\/dev.oxygen-coaching.fr\/es\/coaching-dequipes-de-direction\/\" \/>\n<meta property=\"og:locale\" content=\"es_ES\" \/>\n<meta property=\"og:type\" content=\"article\" \/>\n<meta property=\"og:title\" content=\"Coaching de equipos de direcci\u00f3n &#8226; Oxygen Coaching\" \/>\n<meta property=\"og:url\" content=\"https:\/\/dev.oxygen-coaching.fr\/coaching-dequipes-de-direction\/\" \/>\n<meta property=\"og:site_name\" content=\"Oxygen Coaching\" \/>\n<meta property=\"article:publisher\" content=\"https:\/\/fr-fr.facebook.com\/oxygencoachingfrance\/\" \/>\n<meta property=\"article:modified_time\" content=\"2023-03-03T14:05:06+00:00\" \/>\n<meta property=\"og:image\" content=\"https:\/\/dev.oxygen-coaching.fr\/wp-content\/uploads\/experiences-compressor1.jpg\" \/>\n\t<meta property=\"og:image:width\" content=\"1920\" \/>\n\t<meta property=\"og:image:height\" content=\"1000\" \/>\n\t<meta property=\"og:image:type\" content=\"image\/jpeg\" \/>\n<meta name=\"twitter:card\" content=\"summary_large_image\" \/>\n<meta name=\"twitter:label1\" content=\"Tiempo de lectura\" \/>\n\t<meta name=\"twitter:data1\" content=\"3 minutos\" \/>\n<script type=\"application\/ld+json\" class=\"yoast-schema-graph\">{\"@context\":\"https:\/\/schema.org\",\"@graph\":[{\"@type\":\"WebPage\",\"@id\":\"https:\/\/dev.oxygen-coaching.fr\/coaching-dequipes-de-direction\/\",\"url\":\"https:\/\/dev.oxygen-coaching.fr\/coaching-dequipes-de-direction\/\",\"name\":\"Coaching de equipos de direcci\u00f3n &#8226; Oxygen Coaching\",\"isPartOf\":{\"@id\":\"https:\/\/dev.oxygen-coaching.fr\/#website\"},\"primaryImageOfPage\":{\"@id\":\"https:\/\/dev.oxygen-coaching.fr\/coaching-dequipes-de-direction\/#primaryimage\"},\"image\":{\"@id\":\"https:\/\/dev.oxygen-coaching.fr\/coaching-dequipes-de-direction\/#primaryimage\"},\"thumbnailUrl\":\"https:\/\/dev.oxygen-coaching.fr\/wp-content\/uploads\/experiences-compressor1.jpg\",\"datePublished\":\"2015-05-14T07:26:51+00:00\",\"dateModified\":\"2023-03-03T14:05:06+00:00\",\"breadcrumb\":{\"@id\":\"https:\/\/dev.oxygen-coaching.fr\/coaching-dequipes-de-direction\/#breadcrumb\"},\"inLanguage\":\"es\",\"potentialAction\":[{\"@type\":\"ReadAction\",\"target\":[\"https:\/\/dev.oxygen-coaching.fr\/coaching-dequipes-de-direction\/\"]}]},{\"@type\":\"ImageObject\",\"inLanguage\":\"es\",\"@id\":\"https:\/\/dev.oxygen-coaching.fr\/coaching-dequipes-de-direction\/#primaryimage\",\"url\":\"https:\/\/dev.oxygen-coaching.fr\/wp-content\/uploads\/experiences-compressor1.jpg\",\"contentUrl\":\"https:\/\/dev.oxygen-coaching.fr\/wp-content\/uploads\/experiences-compressor1.jpg\",\"width\":1920,\"height\":1000},{\"@type\":\"BreadcrumbList\",\"@id\":\"https:\/\/dev.oxygen-coaching.fr\/coaching-dequipes-de-direction\/#breadcrumb\",\"itemListElement\":[{\"@type\":\"ListItem\",\"position\":1,\"name\":\"Accueil\",\"item\":\"https:\/\/dev.oxygen-coaching.fr\/es\/\"},{\"@type\":\"ListItem\",\"position\":2,\"name\":\"Coaching de equipos de direcci\u00f3n\"}]},{\"@type\":\"WebSite\",\"@id\":\"https:\/\/dev.oxygen-coaching.fr\/#website\",\"url\":\"https:\/\/dev.oxygen-coaching.fr\/\",\"name\":\"Oxygen Coaching\",\"description\":\"Catalyseur de r\u00e9ussite\",\"publisher\":{\"@id\":\"https:\/\/dev.oxygen-coaching.fr\/#organization\"},\"potentialAction\":[{\"@type\":\"SearchAction\",\"target\":{\"@type\":\"EntryPoint\",\"urlTemplate\":\"https:\/\/dev.oxygen-coaching.fr\/?s={search_term_string}\"},\"query-input\":{\"@type\":\"PropertyValueSpecification\",\"valueRequired\":true,\"valueName\":\"search_term_string\"}}],\"inLanguage\":\"es\"},{\"@type\":\"Organization\",\"@id\":\"https:\/\/dev.oxygen-coaching.fr\/#organization\",\"name\":\"Oxygen Coaching\",\"url\":\"https:\/\/dev.oxygen-coaching.fr\/\",\"logo\":{\"@type\":\"ImageObject\",\"inLanguage\":\"es\",\"@id\":\"https:\/\/dev.oxygen-coaching.fr\/#\/schema\/logo\/image\/\",\"url\":\"https:\/\/dev.oxygen-coaching.fr\/wp-content\/uploads\/logoRVBbassedf_logoseul1-1-1-e1603375273590-1.png\",\"contentUrl\":\"https:\/\/dev.oxygen-coaching.fr\/wp-content\/uploads\/logoRVBbassedf_logoseul1-1-1-e1603375273590-1.png\",\"width\":322,\"height\":192,\"caption\":\"Oxygen Coaching\"},\"image\":{\"@id\":\"https:\/\/dev.oxygen-coaching.fr\/#\/schema\/logo\/image\/\"},\"sameAs\":[\"https:\/\/fr-fr.facebook.com\/oxygencoachingfrance\/\",\"https:\/\/fr.linkedin.com\/in\/c\u00e9line-g\u00e9ara-thomas-0aa2bb\"]}]}<\/script>\n<!-- \/ Yoast SEO plugin. -->","yoast_head_json":{"title":"Coaching de equipos de direcci\u00f3n &#8226; Oxygen Coaching","robots":{"index":"index","follow":"follow","max-snippet":"max-snippet:-1","max-image-preview":"max-image-preview:large","max-video-preview":"max-video-preview:-1"},"canonical":"https:\/\/dev.oxygen-coaching.fr\/es\/coaching-dequipes-de-direction\/","og_locale":"es_ES","og_type":"article","og_title":"Coaching de equipos de direcci\u00f3n &#8226; Oxygen Coaching","og_url":"https:\/\/dev.oxygen-coaching.fr\/coaching-dequipes-de-direction\/","og_site_name":"Oxygen Coaching","article_publisher":"https:\/\/fr-fr.facebook.com\/oxygencoachingfrance\/","article_modified_time":"2023-03-03T14:05:06+00:00","og_image":[{"width":1920,"height":1000,"url":"https:\/\/dev.oxygen-coaching.fr\/wp-content\/uploads\/experiences-compressor1.jpg","type":"image\/jpeg"}],"twitter_card":"summary_large_image","twitter_misc":{"Tiempo de lectura":"3 minutos"},"schema":{"@context":"https:\/\/schema.org","@graph":[{"@type":"WebPage","@id":"https:\/\/dev.oxygen-coaching.fr\/coaching-dequipes-de-direction\/","url":"https:\/\/dev.oxygen-coaching.fr\/coaching-dequipes-de-direction\/","name":"Coaching de equipos de direcci\u00f3n &#8226; Oxygen Coaching","isPartOf":{"@id":"https:\/\/dev.oxygen-coaching.fr\/#website"},"primaryImageOfPage":{"@id":"https:\/\/dev.oxygen-coaching.fr\/coaching-dequipes-de-direction\/#primaryimage"},"image":{"@id":"https:\/\/dev.oxygen-coaching.fr\/coaching-dequipes-de-direction\/#primaryimage"},"thumbnailUrl":"https:\/\/dev.oxygen-coaching.fr\/wp-content\/uploads\/experiences-compressor1.jpg","datePublished":"2015-05-14T07:26:51+00:00","dateModified":"2023-03-03T14:05:06+00:00","breadcrumb":{"@id":"https:\/\/dev.oxygen-coaching.fr\/coaching-dequipes-de-direction\/#breadcrumb"},"inLanguage":"es","potentialAction":[{"@type":"ReadAction","target":["https:\/\/dev.oxygen-coaching.fr\/coaching-dequipes-de-direction\/"]}]},{"@type":"ImageObject","inLanguage":"es","@id":"https:\/\/dev.oxygen-coaching.fr\/coaching-dequipes-de-direction\/#primaryimage","url":"https:\/\/dev.oxygen-coaching.fr\/wp-content\/uploads\/experiences-compressor1.jpg","contentUrl":"https:\/\/dev.oxygen-coaching.fr\/wp-content\/uploads\/experiences-compressor1.jpg","width":1920,"height":1000},{"@type":"BreadcrumbList","@id":"https:\/\/dev.oxygen-coaching.fr\/coaching-dequipes-de-direction\/#breadcrumb","itemListElement":[{"@type":"ListItem","position":1,"name":"Accueil","item":"https:\/\/dev.oxygen-coaching.fr\/es\/"},{"@type":"ListItem","position":2,"name":"Coaching de equipos de direcci\u00f3n"}]},{"@type":"WebSite","@id":"https:\/\/dev.oxygen-coaching.fr\/#website","url":"https:\/\/dev.oxygen-coaching.fr\/","name":"Oxygen Coaching","description":"Catalyseur de r\u00e9ussite","publisher":{"@id":"https:\/\/dev.oxygen-coaching.fr\/#organization"},"potentialAction":[{"@type":"SearchAction","target":{"@type":"EntryPoint","urlTemplate":"https:\/\/dev.oxygen-coaching.fr\/?s={search_term_string}"},"query-input":{"@type":"PropertyValueSpecification","valueRequired":true,"valueName":"search_term_string"}}],"inLanguage":"es"},{"@type":"Organization","@id":"https:\/\/dev.oxygen-coaching.fr\/#organization","name":"Oxygen Coaching","url":"https:\/\/dev.oxygen-coaching.fr\/","logo":{"@type":"ImageObject","inLanguage":"es","@id":"https:\/\/dev.oxygen-coaching.fr\/#\/schema\/logo\/image\/","url":"https:\/\/dev.oxygen-coaching.fr\/wp-content\/uploads\/logoRVBbassedf_logoseul1-1-1-e1603375273590-1.png","contentUrl":"https:\/\/dev.oxygen-coaching.fr\/wp-content\/uploads\/logoRVBbassedf_logoseul1-1-1-e1603375273590-1.png","width":322,"height":192,"caption":"Oxygen Coaching"},"image":{"@id":"https:\/\/dev.oxygen-coaching.fr\/#\/schema\/logo\/image\/"},"sameAs":["https:\/\/fr-fr.facebook.com\/oxygencoachingfrance\/","https:\/\/fr.linkedin.com\/in\/c\u00e9line-g\u00e9ara-thomas-0aa2bb"]}]}},"_links":{"self":[{"href":"https:\/\/dev.oxygen-coaching.fr\/es\/wp-json\/wp\/v2\/pages\/4606","targetHints":{"allow":["GET"]}}],"collection":[{"href":"https:\/\/dev.oxygen-coaching.fr\/es\/wp-json\/wp\/v2\/pages"}],"about":[{"href":"https:\/\/dev.oxygen-coaching.fr\/es\/wp-json\/wp\/v2\/types\/page"}],"author":[{"embeddable":true,"href":"https:\/\/dev.oxygen-coaching.fr\/es\/wp-json\/wp\/v2\/users\/1"}],"replies":[{"embeddable":true,"href":"https:\/\/dev.oxygen-coaching.fr\/es\/wp-json\/wp\/v2\/comments?post=4606"}],"version-history":[{"count":35,"href":"https:\/\/dev.oxygen-coaching.fr\/es\/wp-json\/wp\/v2\/pages\/4606\/revisions"}],"predecessor-version":[{"id":11982,"href":"https:\/\/dev.oxygen-coaching.fr\/es\/wp-json\/wp\/v2\/pages\/4606\/revisions\/11982"}],"wp:featuredmedia":[{"embeddable":true,"href":"https:\/\/dev.oxygen-coaching.fr\/es\/wp-json\/wp\/v2\/media\/4705"}],"wp:attachment":[{"href":"https:\/\/dev.oxygen-coaching.fr\/es\/wp-json\/wp\/v2\/media?parent=4606"}],"curies":[{"name":"wp","href":"https:\/\/api.w.org\/{rel}","templated":true}]}}