{"id":4585,"date":"2015-05-14T06:19:59","date_gmt":"2015-05-14T05:19:59","guid":{"rendered":"http:\/\/dev.oxygen-coaching.fr\/notre-conviction\/"},"modified":"2015-05-14T06:19:59","modified_gmt":"2015-05-14T05:19:59","slug":"notre-conviction","status":"publish","type":"page","link":"https:\/\/dev.oxygen-coaching.fr\/en\/our-style\/notre-conviction\/","title":{"rendered":"Notre conviction"},"content":{"rendered":"<section class=\"l-section wpb_row height_medium\"><div class=\"l-section-h i-cf\"><div class=\"g-cols vc_row via_flex valign_top type_default stacking_default\"><div class=\"vc_col-sm-12 wpb_column vc_column_container\"><div class=\"vc_column-inner\"><div class=\"wpb_wrapper\"><div class=\"wpb_text_column citation\"><div class=\"wpb_wrapper\"><p style=\"text-align: right;\"><span style=\"color: #00b6dd;\"><span style=\"color: #006481;\"><span style=\"font-size: 18pt;\"><em>&#8220;Au commencement est la relation&#8221;<\/em>. <\/span><span style=\"color: #999999;\">Gaston Bachelard<\/span><\/span><\/span><\/p>\n<\/div><\/div><div class=\"wpb_text_column\"><div class=\"wpb_wrapper\"><p>Nous croyons que le d\u00e9veloppement de la personne et de dynamiques collectives positives, sont fondamentalement corr\u00e9l\u00e9s \u00e0 l\u2019exp\u00e9rience de la relation et supposent la prise en compte d\u2019autrui.<\/p>\n<p>Nous croyons que l&#8217;enjeu est avant tout de transformer les interactions entre les personnes, de fa\u00e7on \u00e0 les rendre plus respectueuses de chacun, et d&#8217;ouvrir de nouvelles marges de man\u0153uvre \u00e0 explorer.<\/p>\n<p>Aussi, notre approche est-elle avant tout syst\u00e9mique.<\/p>\n<p>Nous croyons aussi que l\u2019impact de nos interventions doit pouvoir se mesurer de fa\u00e7on tangible.<\/p>\n<p>Aussi, suivons-nous avec attention la mesure des r\u00e9sultats obtenus apr\u00e8s chaque intervention. Un retour est organis\u00e9 pour le client, afin que celui-ci puisse non seulement mesurer la qualit\u00e9 des r\u00e9sultats obtenus pour les personnes, mais aussi les b\u00e9n\u00e9fices mesurables pour l\u2019organisation.<\/p>\n<\/div><\/div><\/div><\/div><\/div><div class=\"vc_col-sm-12 wpb_column vc_column_container\"><div class=\"vc_column-inner\"><div class=\"wpb_wrapper\"><div class=\"wpb_text_column\"><div class=\"wpb_wrapper\"><\/div><\/div><\/div><\/div><\/div><div class=\"vc_col-sm-12 wpb_column vc_column_container\"><div class=\"vc_column-inner\"><div class=\"wpb_wrapper\"><div class=\"wpb_text_column\"><div class=\"wpb_wrapper\"><\/div><\/div><\/div><\/div><\/div><\/div><\/div><\/section>\n","protected":false},"excerpt":{"rendered":"&#8220;Au commencement est la relation&#8221;. Gaston Bachelard Nous croyons que le d\u00e9veloppement de la personne et de dynamiques collectives positives, sont fondamentalement corr\u00e9l\u00e9s \u00e0 l\u2019exp\u00e9rience de la relation et supposent la prise en compte d\u2019autrui. Nous croyons que l&#8217;enjeu est avant tout de transformer les interactions entre les personnes, de fa\u00e7on \u00e0 les rendre plus...","protected":false},"author":1,"featured_media":0,"parent":4611,"menu_order":0,"comment_status":"closed","ping_status":"closed","template":"","meta":{"_monsterinsights_skip_tracking":false,"_monsterinsights_sitenote_active":false,"_monsterinsights_sitenote_note":"","_monsterinsights_sitenote_category":0,"footnotes":""},"class_list":["post-4585","page","type-page","status-publish","hentry"],"yoast_head":"<!-- This site is optimized with the Yoast SEO plugin v25.8 - https:\/\/yoast.com\/wordpress\/plugins\/seo\/ -->\n<title>Notre conviction &#8226; Oxygen Coaching<\/title>\n<meta name=\"robots\" content=\"index, follow, max-snippet:-1, max-image-preview:large, max-video-preview:-1\" \/>\n<link rel=\"canonical\" href=\"https:\/\/dev.oxygen-coaching.fr\/en\/our-style\/notre-conviction\/\" \/>\n<meta property=\"og:locale\" content=\"en_US\" \/>\n<meta property=\"og:type\" content=\"article\" \/>\n<meta property=\"og:title\" content=\"Notre conviction &#8226; Oxygen Coaching\" \/>\n<meta property=\"og:url\" content=\"https:\/\/dev.oxygen-coaching.fr\/en\/our-style\/notre-conviction\/\" \/>\n<meta property=\"og:site_name\" content=\"Oxygen Coaching\" \/>\n<meta property=\"article:publisher\" content=\"https:\/\/fr-fr.facebook.com\/oxygencoachingfrance\/\" \/>\n<meta name=\"twitter:card\" content=\"summary_large_image\" \/>\n<meta name=\"twitter:label1\" content=\"Est. reading time\" \/>\n\t<meta name=\"twitter:data1\" content=\"1 minute\" \/>\n<script type=\"application\/ld+json\" class=\"yoast-schema-graph\">{\"@context\":\"https:\/\/schema.org\",\"@graph\":[{\"@type\":\"WebPage\",\"@id\":\"https:\/\/dev.oxygen-coaching.fr\/en\/our-style\/notre-conviction\/\",\"url\":\"https:\/\/dev.oxygen-coaching.fr\/en\/our-style\/notre-conviction\/\",\"name\":\"Notre conviction &#8226; Oxygen Coaching\",\"isPartOf\":{\"@id\":\"https:\/\/dev.oxygen-coaching.fr\/#website\"},\"datePublished\":\"2015-05-14T05:19:59+00:00\",\"breadcrumb\":{\"@id\":\"https:\/\/dev.oxygen-coaching.fr\/en\/our-style\/notre-conviction\/#breadcrumb\"},\"inLanguage\":\"en-US\",\"potentialAction\":[{\"@type\":\"ReadAction\",\"target\":[\"https:\/\/dev.oxygen-coaching.fr\/en\/our-style\/notre-conviction\/\"]}]},{\"@type\":\"BreadcrumbList\",\"@id\":\"https:\/\/dev.oxygen-coaching.fr\/en\/our-style\/notre-conviction\/#breadcrumb\",\"itemListElement\":[{\"@type\":\"ListItem\",\"position\":1,\"name\":\"Accueil\",\"item\":\"https:\/\/dev.oxygen-coaching.fr\/en\/\"},{\"@type\":\"ListItem\",\"position\":2,\"name\":\"Our Style\",\"item\":\"https:\/\/dev.oxygen-coaching.fr\/en\/our-style\/\"},{\"@type\":\"ListItem\",\"position\":3,\"name\":\"Notre conviction\"}]},{\"@type\":\"WebSite\",\"@id\":\"https:\/\/dev.oxygen-coaching.fr\/#website\",\"url\":\"https:\/\/dev.oxygen-coaching.fr\/\",\"name\":\"Oxygen Coaching\",\"description\":\"Catalyseur de r\u00e9ussite\",\"publisher\":{\"@id\":\"https:\/\/dev.oxygen-coaching.fr\/#organization\"},\"potentialAction\":[{\"@type\":\"SearchAction\",\"target\":{\"@type\":\"EntryPoint\",\"urlTemplate\":\"https:\/\/dev.oxygen-coaching.fr\/?s={search_term_string}\"},\"query-input\":{\"@type\":\"PropertyValueSpecification\",\"valueRequired\":true,\"valueName\":\"search_term_string\"}}],\"inLanguage\":\"en-US\"},{\"@type\":\"Organization\",\"@id\":\"https:\/\/dev.oxygen-coaching.fr\/#organization\",\"name\":\"Oxygen Coaching\",\"url\":\"https:\/\/dev.oxygen-coaching.fr\/\",\"logo\":{\"@type\":\"ImageObject\",\"inLanguage\":\"en-US\",\"@id\":\"https:\/\/dev.oxygen-coaching.fr\/#\/schema\/logo\/image\/\",\"url\":\"https:\/\/dev.oxygen-coaching.fr\/wp-content\/uploads\/logoRVBbassedf_logoseul1-1-1-e1603375273590-1.png\",\"contentUrl\":\"https:\/\/dev.oxygen-coaching.fr\/wp-content\/uploads\/logoRVBbassedf_logoseul1-1-1-e1603375273590-1.png\",\"width\":322,\"height\":192,\"caption\":\"Oxygen Coaching\"},\"image\":{\"@id\":\"https:\/\/dev.oxygen-coaching.fr\/#\/schema\/logo\/image\/\"},\"sameAs\":[\"https:\/\/fr-fr.facebook.com\/oxygencoachingfrance\/\",\"https:\/\/fr.linkedin.com\/in\/c\u00e9line-g\u00e9ara-thomas-0aa2bb\"]}]}<\/script>\n<!-- \/ Yoast SEO plugin. -->","yoast_head_json":{"title":"Notre conviction &#8226; Oxygen Coaching","robots":{"index":"index","follow":"follow","max-snippet":"max-snippet:-1","max-image-preview":"max-image-preview:large","max-video-preview":"max-video-preview:-1"},"canonical":"https:\/\/dev.oxygen-coaching.fr\/en\/our-style\/notre-conviction\/","og_locale":"en_US","og_type":"article","og_title":"Notre conviction &#8226; Oxygen Coaching","og_url":"https:\/\/dev.oxygen-coaching.fr\/en\/our-style\/notre-conviction\/","og_site_name":"Oxygen Coaching","article_publisher":"https:\/\/fr-fr.facebook.com\/oxygencoachingfrance\/","twitter_card":"summary_large_image","twitter_misc":{"Est. reading time":"1 minute"},"schema":{"@context":"https:\/\/schema.org","@graph":[{"@type":"WebPage","@id":"https:\/\/dev.oxygen-coaching.fr\/en\/our-style\/notre-conviction\/","url":"https:\/\/dev.oxygen-coaching.fr\/en\/our-style\/notre-conviction\/","name":"Notre conviction &#8226; Oxygen Coaching","isPartOf":{"@id":"https:\/\/dev.oxygen-coaching.fr\/#website"},"datePublished":"2015-05-14T05:19:59+00:00","breadcrumb":{"@id":"https:\/\/dev.oxygen-coaching.fr\/en\/our-style\/notre-conviction\/#breadcrumb"},"inLanguage":"en-US","potentialAction":[{"@type":"ReadAction","target":["https:\/\/dev.oxygen-coaching.fr\/en\/our-style\/notre-conviction\/"]}]},{"@type":"BreadcrumbList","@id":"https:\/\/dev.oxygen-coaching.fr\/en\/our-style\/notre-conviction\/#breadcrumb","itemListElement":[{"@type":"ListItem","position":1,"name":"Accueil","item":"https:\/\/dev.oxygen-coaching.fr\/en\/"},{"@type":"ListItem","position":2,"name":"Our Style","item":"https:\/\/dev.oxygen-coaching.fr\/en\/our-style\/"},{"@type":"ListItem","position":3,"name":"Notre conviction"}]},{"@type":"WebSite","@id":"https:\/\/dev.oxygen-coaching.fr\/#website","url":"https:\/\/dev.oxygen-coaching.fr\/","name":"Oxygen Coaching","description":"Catalyseur de r\u00e9ussite","publisher":{"@id":"https:\/\/dev.oxygen-coaching.fr\/#organization"},"potentialAction":[{"@type":"SearchAction","target":{"@type":"EntryPoint","urlTemplate":"https:\/\/dev.oxygen-coaching.fr\/?s={search_term_string}"},"query-input":{"@type":"PropertyValueSpecification","valueRequired":true,"valueName":"search_term_string"}}],"inLanguage":"en-US"},{"@type":"Organization","@id":"https:\/\/dev.oxygen-coaching.fr\/#organization","name":"Oxygen Coaching","url":"https:\/\/dev.oxygen-coaching.fr\/","logo":{"@type":"ImageObject","inLanguage":"en-US","@id":"https:\/\/dev.oxygen-coaching.fr\/#\/schema\/logo\/image\/","url":"https:\/\/dev.oxygen-coaching.fr\/wp-content\/uploads\/logoRVBbassedf_logoseul1-1-1-e1603375273590-1.png","contentUrl":"https:\/\/dev.oxygen-coaching.fr\/wp-content\/uploads\/logoRVBbassedf_logoseul1-1-1-e1603375273590-1.png","width":322,"height":192,"caption":"Oxygen Coaching"},"image":{"@id":"https:\/\/dev.oxygen-coaching.fr\/#\/schema\/logo\/image\/"},"sameAs":["https:\/\/fr-fr.facebook.com\/oxygencoachingfrance\/","https:\/\/fr.linkedin.com\/in\/c\u00e9line-g\u00e9ara-thomas-0aa2bb"]}]}},"_links":{"self":[{"href":"https:\/\/dev.oxygen-coaching.fr\/en\/wp-json\/wp\/v2\/pages\/4585","targetHints":{"allow":["GET"]}}],"collection":[{"href":"https:\/\/dev.oxygen-coaching.fr\/en\/wp-json\/wp\/v2\/pages"}],"about":[{"href":"https:\/\/dev.oxygen-coaching.fr\/en\/wp-json\/wp\/v2\/types\/page"}],"author":[{"embeddable":true,"href":"https:\/\/dev.oxygen-coaching.fr\/en\/wp-json\/wp\/v2\/users\/1"}],"replies":[{"embeddable":true,"href":"https:\/\/dev.oxygen-coaching.fr\/en\/wp-json\/wp\/v2\/comments?post=4585"}],"version-history":[{"count":0,"href":"https:\/\/dev.oxygen-coaching.fr\/en\/wp-json\/wp\/v2\/pages\/4585\/revisions"}],"up":[{"embeddable":true,"href":"https:\/\/dev.oxygen-coaching.fr\/en\/wp-json\/wp\/v2\/pages\/4611"}],"wp:attachment":[{"href":"https:\/\/dev.oxygen-coaching.fr\/en\/wp-json\/wp\/v2\/media?parent=4585"}],"curies":[{"name":"wp","href":"https:\/\/api.w.org\/{rel}","templated":true}]}}